{"id":457,"date":"2025-06-27T01:05:00","date_gmt":"2025-06-27T01:05:00","guid":{"rendered":"https:\/\/keling-elderlycaredevices.com\/?post_type=product&#038;p=457"},"modified":"2025-06-28T13:02:51","modified_gmt":"2025-06-28T13:02:51","slug":"scaun-cu-rotile-pliabil-cu-sistem-hidraulic-de-toaleta-pentru-persoanele-in-varsta-cu-handicap","status":"publish","type":"product","link":"https:\/\/keling-elderlycaredevices.com\/ro\/product\/scaun-cu-rotile-pliabil-cu-sistem-hidraulic-de-toaleta-pentru-persoanele-in-varsta-cu-handicap\/","title":{"rendered":"Scaun cu rotile pliabil cu toalet\u0103 \u0219i sistem hidraulic pentru v\u00e2rstnici \u0219i persoane cu handicap"},"content":{"rendered":"<p><img fetchpriority=\"high\" decoding=\"async\" class=\"aligncenter size-full wp-image-2380\" src=\"https:\/\/1688factorys.com\/wp-content\/uploads\/\u8be6\u60c5-1-45.png\" alt=\"\" width=\"750\" height=\"632\" \/> <img decoding=\"async\" class=\"aligncenter size-full wp-image-2381\" src=\"https:\/\/1688factorys.com\/wp-content\/uploads\/\u8be6\u60c5-2-46.png\" alt=\"\" width=\"750\" height=\"542\" \/> <img decoding=\"async\" class=\"aligncenter size-full wp-image-2382\" src=\"https:\/\/1688factorys.com\/wp-content\/uploads\/\u8be6\u60c5-3-46.png\" alt=\"\" width=\"750\" height=\"968\" \/> <img loading=\"lazy\" decoding=\"async\" class=\"aligncenter size-full wp-image-2383\" src=\"https:\/\/1688factorys.com\/wp-content\/uploads\/\u8be6\u60c5-4-45.png\" alt=\"\" width=\"750\" height=\"991\" \/> <img loading=\"lazy\" decoding=\"async\" class=\"aligncenter size-full wp-image-2384\" src=\"https:\/\/1688factorys.com\/wp-content\/uploads\/\u8be6\u60c5-5-47.png\" alt=\"\" width=\"750\" height=\"981\" \/> <img loading=\"lazy\" decoding=\"async\" class=\"aligncenter size-full wp-image-2385\" src=\"https:\/\/1688factorys.com\/wp-content\/uploads\/\u8be6\u60c5-6-46.png\" alt=\"\" width=\"750\" height=\"543\" \/>Acest scaun cu rotile pliabil \u0219i u\u0219or are o toalet\u0103 \u00eencorporat\u0103 \u0219i un sistem hidraulic \u00eempins manual pentru mobilitate u\u0219oar\u0103. Conceput pentru persoanele \u00een v\u00e2rst\u0103 paralizate \u0219i persoanele cu dizabilit\u0103\u021bi, acesta ofer\u0103 suport multifunc\u021bional \u0219i confort maxim pentru \u00eengrijirea zilnic\u0103.<br \/>\n<style id=\"wpforms-css-vars-508\">\n\t\t\t\t#wpforms-508 {\n\t\t\t\t\n\t\t\t}\n\t\t\t<\/style><div class=\"wpforms-container wpforms-container-full wpforms-render-modern\" id=\"wpforms-508\"><form id=\"wpforms-form-508\" class=\"wpforms-validate wpforms-form wpforms-ajax-form\" data-formid=\"508\" method=\"post\" enctype=\"multipart\/form-data\" action=\"\/ro\/wp-json\/wp\/v2\/product\/457\" data-token=\"6624a513ad9bfbd03ef7daa53d433901\" data-token-time=\"1778779596\" data-trp-original-action=\"\/ro\/wp-json\/wp\/v2\/product\/457\"><noscript class=\"wpforms-error-noscript\">V\u0103 rug\u0103m s\u0103 activa\u021bi JavaScript \u00een browserul dvs. pentru a completa acest formular.<\/noscript><div id=\"wpforms-error-noscript\" style=\"display: none;\">V\u0103 rug\u0103m s\u0103 activa\u021bi JavaScript \u00een browserul dvs. pentru a completa acest formular.<\/div><div class=\"wpforms-field-container\">\t\t<div id=\"wpforms-508-field_6-container\"\n\t\t\tclass=\"wpforms-field wpforms-field-text\"\n\t\t\tdata-field-type=\"text\"\n\t\t\tdata-field-id=\"6\"\n\t\t\t>\n\t\t\t<label class=\"wpforms-field-label\" for=\"wpforms-508-field_6\" >Layout Inquiry Nume<\/label>\n\t\t\t<input type=\"text\" id=\"wpforms-508-field_6\" class=\"wpforms-field-medium\" name=\"wpforms[fields][6]\" >\n\t\t<\/div>\n\t\t<div id=\"wpforms-508-field_1-container\" class=\"wpforms-field wpforms-field-layout\" data-field-id=\"1\"><div class=\"wpforms-field-layout-rows wpforms-field-large\"><div class=\"wpforms-layout-row\"><div class=\"wpforms-layout-column wpforms-layout-column-50\"><div id=\"wpforms-508-field_2-container\" class=\"wpforms-field wpforms-field-name\" data-field-id=\"2\"><label class=\"wpforms-field-label\" for=\"wpforms-508-field_2\">Nume \u0219i prenume<\/label><input type=\"text\" id=\"wpforms-508-field_2\" class=\"wpforms-field-medium\" name=\"wpforms[fields][2]\" aria-errormessage=\"wpforms-508-field_2-error\" ><\/div><\/div><div class=\"wpforms-layout-column wpforms-layout-column-50\"><div id=\"wpforms-508-field_3-container\" class=\"wpforms-field wpforms-field-email\" data-field-id=\"3\"><label class=\"wpforms-field-label\" for=\"wpforms-508-field_3\">E-mail <span class=\"wpforms-required-label\" aria-hidden=\"true\">*<\/span><\/label><input type=\"email\" id=\"wpforms-508-field_3\" class=\"wpforms-field-medium wpforms-field-required\" name=\"wpforms[fields][3]\" spellcheck=\"false\" aria-errormessage=\"wpforms-508-field_3-error\" required><\/div><\/div><\/div><div class=\"wpforms-layout-row\"><div class=\"wpforms-layout-column wpforms-layout-column-50\"><div id=\"wpforms-508-field_4-container\" class=\"wpforms-field wpforms-field-phone\" data-field-id=\"4\"><label class=\"wpforms-field-label\" for=\"wpforms-508-field_4\">Telefon<\/label><input type=\"tel\" id=\"wpforms-508-field_4\" class=\"wpforms-field-medium\" data-rule-int-phone-field=\"true\" name=\"wpforms[fields][4]\" aria-label=\"Telefon\" aria-errormessage=\"wpforms-508-field_4-error\" ><\/div><\/div><div class=\"wpforms-layout-column wpforms-layout-column-50\"><div id=\"wpforms-508-field_5-container\" class=\"wpforms-field wpforms-field-text\" data-field-id=\"5\"><label class=\"wpforms-field-label\" for=\"wpforms-508-field_5\">Anchet\u0103<\/label><input type=\"text\" id=\"wpforms-508-field_5\" class=\"wpforms-field-medium\" name=\"wpforms[fields][5]\" aria-errormessage=\"wpforms-508-field_5-error\" ><\/div><\/div><\/div><\/div><\/div><script>\n\t\t\t\t( function() {\n\t\t\t\t\tconst style = document.createElement( 'style' );\n\t\t\t\t\tstyle.appendChild( document.createTextNode( '#wpforms-508-field_6-container { position: absolute !important; overflow: hidden !important; display: inline !important; height: 1px !important; width: 1px !important; z-index: -1000 !important; padding: 0 !important; } #wpforms-508-field_6-container input { visibility: hidden; } #wpforms-conversational-form-page #wpforms-508-field_6-container label { counter-increment: none; }' ) );\n\t\t\t\t\tdocument.head.appendChild( style );\n\t\t\t\t\tdocument.currentScript?.remove();\n\t\t\t\t} )();\n\t\t\t<\/script><\/div><!-- .wpforms-field-container --><div class=\"wpforms-submit-container\" ><input type=\"hidden\" name=\"wpforms[id]\" value=\"508\"><input type=\"hidden\" name=\"page_title\" value=\"\"><input type=\"hidden\" name=\"page_url\" value=\"https:\/\/keling-elderlycaredevices.com\/ro\/wp-json\/wp\/v2\/product\/457\"><input type=\"hidden\" name=\"url_referer\" value=\"\"><button type=\"submit\" name=\"wpforms[submit]\" id=\"wpforms-submit-508\" class=\"wpforms-submit\" data-alt-text=\"Sending...\" data-submit-text=\"Get Quotation\" aria-live=\"assertive\" value=\"wpforms-submit\">Ob\u021bine\u021bi cota\u021bie<\/button><img loading=\"lazy\" decoding=\"async\" src=\"https:\/\/keling-elderlycaredevices.com\/wp-content\/plugins\/wpforms\/assets\/images\/submit-spin.svg\" class=\"wpforms-submit-spinner\" style=\"display: none;\" width=\"26\" height=\"26\" alt=\"\u00cenc\u0103rcare\"><\/div><input type=\"hidden\" name=\"trp-form-language\" value=\"ro\"\/><\/form><\/div>  <!-- .wpforms-container --><\/p>","protected":false},"excerpt":{"rendered":"<ul class=\"ul-list\" data-mark=\"-\">\n<li class=\"md-list-item md-focus-container\">\n<p class=\"md-end-block md-p md-focus\"><span class=\"md-pair-s md-expand\"><strong><span class=\"md-plain\">Pliabil \u0219i u\u0219or:<\/span><\/strong><\/span><span class=\"md-plain\"> U\u0219or de transportat \u0219i depozitat, perfect pentru utilizarea zilnic\u0103.<\/span><\/p>\n<\/li>\n<li class=\"md-list-item\">\n<p class=\"md-end-block md-p\"><span class=\"md-pair-s\"><strong><span class=\"md-plain\">Toalet\u0103 \u00eencorporat\u0103:<\/span><\/strong><\/span><span class=\"md-plain\"> Ofer\u0103 confort sporit pentru utilizatorii \u00een v\u00e2rst\u0103 \u0219i cu handicap.<\/span><\/p>\n<\/li>\n<li class=\"md-list-item\">\n<p class=\"md-end-block md-p\"><span class=\"md-pair-s\"><strong><span class=\"md-plain\">Design multifunc\u021bional:<\/span><\/strong><\/span><span class=\"md-plain\"> Potrivit pentru persoanele \u00een v\u00e2rst\u0103 paralizate \u0219i cele cu mobilitate limitat\u0103.<\/span><\/p>\n<\/li>\n<li class=\"md-list-item\">\n<p class=\"md-end-block md-p\"><span class=\"md-pair-s\"><strong><span class=\"md-plain\">Sistem hidraulic \u00eempins manual:<\/span><\/strong><\/span><span class=\"md-plain\"> Ofer\u0103 manevrabilitate lin\u0103 \u0219i f\u0103r\u0103 efort.<\/span><\/p>\n<\/li>\n<li class=\"md-list-item md-focus-container\">\n<p class=\"md-end-block md-p md-focus\"><span class=\"md-pair-s\"><strong><span class=\"md-plain\">Ideal pentru b\u0103tr\u00e2ni \u0219i persoane cu dizabilit\u0103\u021bi:<\/span><\/strong><\/span><span class=\"md-plain md-expand\"> Asigur\u0103 siguran\u021ba, confortul \u0219i independen\u021ba.<\/span><\/p>\n<\/li>\n<\/ul>\n<style id=\"wpforms-css-vars-508\">\n\t\t\t\t#wpforms-508 {<\/p>\n<p>\t\t\t}\n\t\t\t<\/style>\n<div class=\"wpforms-container wpforms-container-full wpforms-render-modern\" id=\"wpforms-508\">\n<form id=\"wpforms-form-508\" class=\"wpforms-validate wpforms-form wpforms-ajax-form\" data-formid=\"508\" method=\"post\" enctype=\"multipart\/form-data\" action=\"\/ro\/wp-json\/wp\/v2\/product\/457\" data-token=\"6624a513ad9bfbd03ef7daa53d433901\" data-token-time=\"1778779596\" data-trp-original-action=\"\/ro\/wp-json\/wp\/v2\/product\/457\"><noscript class=\"wpforms-error-noscript\">V\u0103 rug\u0103m s\u0103 activa\u021bi JavaScript \u00een browserul dvs. pentru a completa acest formular.<\/noscript><\/p>\n<div id=\"wpforms-error-noscript\" style=\"display: none;\">V\u0103 rug\u0103m s\u0103 activa\u021bi JavaScript \u00een browserul dvs. pentru a completa acest formular.<\/div>\n<div class=\"wpforms-field-container\">\n<div id=\"wpforms-508-field_6-container\"\n\t\t\tclass=\"wpforms-field wpforms-field-text\"\n\t\t\tdata-field-type=\"text\"\n\t\t\tdata-field-id=\"6\"\n\t\t\t><br \/>\n\t\t\t<label class=\"wpforms-field-label\" for=\"wpforms-508-field_6\" >Email Layout Inquiry<\/label><br \/>\n\t\t\t<input type=\"text\" id=\"wpforms-508-field_6\" class=\"wpforms-field-medium\" name=\"wpforms[fields][6]\" >\n\t\t<\/div>\n<div id=\"wpforms-508-field_1-container\" class=\"wpforms-field wpforms-field-layout\" data-field-id=\"1\">\n<div class=\"wpforms-field-layout-rows wpforms-field-large\">\n<div class=\"wpforms-layout-row\">\n<div class=\"wpforms-layout-column wpforms-layout-column-50\">\n<div id=\"wpforms-508-field_2-container\" class=\"wpforms-field wpforms-field-name\" data-field-id=\"2\"><label class=\"wpforms-field-label\" for=\"wpforms-508-field_2\">Nume \u0219i prenume<\/label><input type=\"text\" id=\"wpforms-508-field_2\" class=\"wpforms-field-medium\" name=\"wpforms[fields][2]\" aria-errormessage=\"wpforms-508-field_2-error\" ><\/div>\n<\/div>\n<div class=\"wpforms-layout-column wpforms-layout-column-50\">\n<div id=\"wpforms-508-field_3-container\" class=\"wpforms-field wpforms-field-email\" data-field-id=\"3\"><label class=\"wpforms-field-label\" for=\"wpforms-508-field_3\">E-mail <span class=\"wpforms-required-label\" aria-hidden=\"true\">*<\/span><\/label><input type=\"email\" id=\"wpforms-508-field_3\" class=\"wpforms-field-medium wpforms-field-required\" name=\"wpforms[fields][3]\" spellcheck=\"false\" aria-errormessage=\"wpforms-508-field_3-error\" required><\/div>\n<\/div>\n<\/div>\n<div class=\"wpforms-layout-row\">\n<div class=\"wpforms-layout-column wpforms-layout-column-50\">\n<div id=\"wpforms-508-field_4-container\" class=\"wpforms-field wpforms-field-phone\" data-field-id=\"4\"><label class=\"wpforms-field-label\" for=\"wpforms-508-field_4\">Telefon<\/label><input type=\"tel\" id=\"wpforms-508-field_4\" class=\"wpforms-field-medium\" data-rule-int-phone-field=\"true\" name=\"wpforms[fields][4]\" aria-label=\"Telefon\" aria-errormessage=\"wpforms-508-field_4-error\" ><\/div>\n<\/div>\n<div class=\"wpforms-layout-column wpforms-layout-column-50\">\n<div id=\"wpforms-508-field_5-container\" class=\"wpforms-field wpforms-field-text\" data-field-id=\"5\"><label class=\"wpforms-field-label\" for=\"wpforms-508-field_5\">Anchet\u0103<\/label><input type=\"text\" id=\"wpforms-508-field_5\" class=\"wpforms-field-medium\" name=\"wpforms[fields][5]\" aria-errormessage=\"wpforms-508-field_5-error\" ><\/div>\n<\/div>\n<\/div>\n<\/div>\n<\/div>\n<p><script>\n\t\t\t\t( function() {\n\t\t\t\t\tconst style = document.createElement( 'style' );\n\t\t\t\t\tstyle.appendChild( document.createTextNode( '#wpforms-508-field_6-container { position: absolute !important; overflow: hidden !important; display: inline !important; height: 1px !important; width: 1px !important; z-index: -1000 !important; padding: 0 !important; } #wpforms-508-field_6-container input { visibility: hidden; } #wpforms-conversational-form-page #wpforms-508-field_6-container label { counter-increment: none; }' ) );\n\t\t\t\t\tdocument.head.appendChild( style );\n\t\t\t\t\tdocument.currentScript?.remove();\n\t\t\t\t} )();\n\t\t\t<\/script><\/div>\n<p><!-- .wpforms-field-container --><\/p>\n<div class=\"wpforms-submit-container\" ><input type=\"hidden\" name=\"wpforms[id]\" value=\"508\"><input type=\"hidden\" name=\"page_title\" value=\"\"><input type=\"hidden\" name=\"page_url\" value=\"https:\/\/keling-elderlycaredevices.com\/ro\/wp-json\/wp\/v2\/product\/457\"><input type=\"hidden\" name=\"url_referer\" value=\"\"><button type=\"submit\" name=\"wpforms[submit]\" id=\"wpforms-submit-508\" class=\"wpforms-submit\" data-alt-text=\"Sending...\" data-submit-text=\"Get Quotation\" aria-live=\"assertive\" value=\"wpforms-submit\">Ob\u021bine\u021bi cota\u021bie<\/button><img loading=\"lazy\" decoding=\"async\" src=\"https:\/\/keling-elderlycaredevices.com\/wp-content\/plugins\/wpforms\/assets\/images\/submit-spin.svg\" class=\"wpforms-submit-spinner\" style=\"display: none;\" width=\"26\" height=\"26\" alt=\"\u00cenc\u0103rcare\"><\/div>\n<input type=\"hidden\" name=\"trp-form-language\" value=\"ro\"\/><\/form>\n<\/div>\n<p>  <!-- .wpforms-container --><\/p>","protected":false},"featured_media":500,"template":"","meta":{"site-sidebar-layout":"default","site-content-layout":"","ast-site-content-layout":"default","site-content-style":"default","site-sidebar-style":"default","ast-global-header-display":"","ast-banner-title-visibility":"","ast-main-header-display":"","ast-hfb-above-header-display":"","ast-hfb-below-header-display":"","ast-hfb-mobile-header-display":"","site-post-title":"","ast-breadcrumbs-content":"","ast-featured-img":"","footer-sml-layout":"","ast-disable-related-posts":"","theme-transparent-header-meta":"default","adv-header-id-meta":"","stick-header-meta":"","header-above-stick-meta":"","header-main-stick-meta":"","header-below-stick-meta":"","astra-migrate-meta-layouts":"set","ast-page-background-enabled":"default","ast-page-background-meta":{"desktop":{"background-color":"var(--ast-global-color-5)","background-image":"","background-repeat":"repeat","background-position":"center center","background-size":"auto","background-attachment":"scroll","background-type":"","background-media":"","overlay-type":"","overlay-color":"","overlay-opacity":"","overlay-gradient":""},"tablet":{"background-color":"","background-image":"","background-repeat":"repeat","background-position":"center center","background-size":"auto","background-attachment":"scroll","background-type":"","background-media":"","overlay-type":"","overlay-color":"","overlay-opacity":"","overlay-gradient":""},"mobile":{"background-color":"","background-image":"","background-repeat":"repeat","background-position":"center center","background-size":"auto","background-attachment":"scroll","background-type":"","background-media":"","overlay-type":"","overlay-color":"","overlay-opacity":"","overlay-gradient":""}},"ast-content-background-meta":{"desktop":{"background-color":"var(--ast-global-color-4)","background-image":"","background-repeat":"repeat","background-position":"center center","background-size":"auto","background-attachment":"scroll","background-type":"","background-media":"","overlay-type":"","overlay-color":"","overlay-opacity":"","overlay-gradient":""},"tablet":{"background-color":"var(--ast-global-color-4)","background-image":"","background-repeat":"repeat","background-position":"center center","background-size":"auto","background-attachment":"scroll","background-type":"","background-media":"","overlay-type":"","overlay-color":"","overlay-opacity":"","overlay-gradient":""},"mobile":{"background-color":"var(--ast-global-color-4)","background-image":"","background-repeat":"repeat","background-position":"center center","background-size":"auto","background-attachment":"scroll","background-type":"","background-media":"","overlay-type":"","overlay-color":"","overlay-opacity":"","overlay-gradient":""}}},"product_brand":[],"product_cat":[21],"product_tag":[],"class_list":{"0":"post-457","1":"product","2":"type-product","3":"status-publish","4":"has-post-thumbnail","6":"product_cat-wheelchairs","7":"desktop-align-left","8":"tablet-align-left","9":"mobile-align-left","11":"first","12":"instock","13":"shipping-taxable","14":"product-type-simple"},"_links":{"self":[{"href":"https:\/\/keling-elderlycaredevices.com\/ro\/wp-json\/wp\/v2\/product\/457","targetHints":{"allow":["GET"]}}],"collection":[{"href":"https:\/\/keling-elderlycaredevices.com\/ro\/wp-json\/wp\/v2\/product"}],"about":[{"href":"https:\/\/keling-elderlycaredevices.com\/ro\/wp-json\/wp\/v2\/types\/product"}],"wp:featuredmedia":[{"embeddable":true,"href":"https:\/\/keling-elderlycaredevices.com\/ro\/wp-json\/wp\/v2\/media\/500"}],"wp:attachment":[{"href":"https:\/\/keling-elderlycaredevices.com\/ro\/wp-json\/wp\/v2\/media?parent=457"}],"wp:term":[{"taxonomy":"product_brand","embeddable":true,"href":"https:\/\/keling-elderlycaredevices.com\/ro\/wp-json\/wp\/v2\/product_brand?post=457"},{"taxonomy":"product_cat","embeddable":true,"href":"https:\/\/keling-elderlycaredevices.com\/ro\/wp-json\/wp\/v2\/product_cat?post=457"},{"taxonomy":"product_tag","embeddable":true,"href":"https:\/\/keling-elderlycaredevices.com\/ro\/wp-json\/wp\/v2\/product_tag?post=457"}],"curies":[{"name":"wp","href":"https:\/\/api.w.org\/{rel}","templated":true}]}}