{"id":398,"date":"2025-06-27T01:03:15","date_gmt":"2025-06-27T01:03:15","guid":{"rendered":"https:\/\/keling-elderlycaredevices.com\/?post_type=product&#038;p=398"},"modified":"2025-06-28T13:08:28","modified_gmt":"2025-06-28T13:08:28","slug":"drosibas-tualetes-margu-ramis-bez-urbsanas-atbalsta-vecaka-gadagajuma-cilveku-vannas-istabas-lietosanai","status":"publish","type":"product","link":"https:\/\/keling-elderlycaredevices.com\/lv\/product\/drosibas-tualetes-margu-ramis-bez-urbsanas-atbalsta-vecaka-gadagajuma-cilveku-vannas-istabas-lietosanai\/","title":{"rendered":"Dro\u0161\u012bbas tualetes margu r\u0101mis, bez urb\u0161anas atbalsts vec\u0101ka gadag\u0101juma cilv\u0113ku vannas istabas lieto\u0161anai"},"content":{"rendered":"<p><img fetchpriority=\"high\" decoding=\"async\" class=\"aligncenter size-full wp-image-2149\" src=\"https:\/\/1688factorys.com\/wp-content\/uploads\/\u8be6\u60c5-1-32.png\" alt=\"\" width=\"790\" height=\"738\" \/> <img decoding=\"async\" class=\"aligncenter size-full wp-image-2152\" src=\"https:\/\/1688factorys.com\/wp-content\/uploads\/\u8be6\u60c5-4-33.png\" alt=\"\" width=\"790\" height=\"871\" \/> <img decoding=\"async\" class=\"aligncenter size-full wp-image-2153\" src=\"https:\/\/1688factorys.com\/wp-content\/uploads\/\u8be6\u60c5-5-33.png\" alt=\"\" width=\"790\" height=\"652\" \/> <img loading=\"lazy\" decoding=\"async\" class=\"aligncenter size-full wp-image-2154\" src=\"https:\/\/1688factorys.com\/wp-content\/uploads\/\u8be6\u60c5-6-33.png\" alt=\"\" width=\"790\" height=\"644\" \/> <img loading=\"lazy\" decoding=\"async\" class=\"aligncenter size-full wp-image-2155\" src=\"https:\/\/1688factorys.com\/wp-content\/uploads\/\u8be6\u60c5-7-33.png\" alt=\"\" width=\"790\" height=\"1086\" \/> <img loading=\"lazy\" decoding=\"async\" class=\"aligncenter size-full wp-image-2156\" src=\"https:\/\/1688factorys.com\/wp-content\/uploads\/\u8be6\u60c5-8-33.png\" alt=\"\" width=\"790\" height=\"826\" \/> <img loading=\"lazy\" decoding=\"async\" class=\"aligncenter size-full wp-image-2157\" src=\"https:\/\/1688factorys.com\/wp-content\/uploads\/\u8be6\u60c5-9-31.png\" alt=\"\" width=\"790\" height=\"963\" \/> <img loading=\"lazy\" decoding=\"async\" class=\"aligncenter size-full wp-image-2158\" src=\"https:\/\/1688factorys.com\/wp-content\/uploads\/\u8be6\u60c5-10-28.png\" alt=\"\" width=\"790\" height=\"719\" \/>\u0160is dro\u0161ais tualetes margu r\u0101mis nodro\u0161ina stabilu atbalstu vec\u0101kiem cilv\u0113kiem bez urb\u0161anas. To ir viegli uzst\u0101d\u012bt un tas ir sader\u012bgs ar liel\u0101ko da\u013cu tuale\u0161u, nodro\u0161inot dro\u0161u un \u0113rtu vannas istabas lieto\u0161anu.<br \/>\n<style id=\"wpforms-css-vars-508\">\n\t\t\t\t#wpforms-508 {\n\t\t\t\t\n\t\t\t}\n\t\t\t<\/style><div class=\"wpforms-container wpforms-container-full wpforms-render-modern\" id=\"wpforms-508\"><form id=\"wpforms-form-508\" class=\"wpforms-validate wpforms-form wpforms-ajax-form\" data-formid=\"508\" method=\"post\" enctype=\"multipart\/form-data\" action=\"\/lv\/wp-json\/wp\/v2\/product\/398\" data-token=\"932dda08aac0c6ed9395b27e7785fc3b\" data-token-time=\"1778643930\" data-trp-original-action=\"\/lv\/wp-json\/wp\/v2\/product\/398\"><noscript class=\"wpforms-error-noscript\">Lai aizpild\u012btu \u0161o veidlapu, l\u016bdzu, iesp\u0113jojiet JavaScript sav\u0101 p\u0101rl\u016bkprogramm\u0101.<\/noscript><div id=\"wpforms-error-noscript\" style=\"display: none;\">Lai aizpild\u012btu \u0161o veidlapu, l\u016bdzu, iesp\u0113jojiet JavaScript sav\u0101 p\u0101rl\u016bkprogramm\u0101.<\/div><div class=\"wpforms-field-container\">\t\t<div id=\"wpforms-508-field_6-container\"\n\t\t\tclass=\"wpforms-field wpforms-field-text\"\n\t\t\tdata-field-type=\"text\"\n\t\t\tdata-field-id=\"6\"\n\t\t\t>\n\t\t\t<label class=\"wpforms-field-label\" for=\"wpforms-508-field_6\" >T\u0101lrunis E-pasts Piepras\u012bjums<\/label>\n\t\t\t<input type=\"text\" id=\"wpforms-508-field_6\" class=\"wpforms-field-medium\" name=\"wpforms[fields][6]\" >\n\t\t<\/div>\n\t\t<div id=\"wpforms-508-field_1-container\" class=\"wpforms-field wpforms-field-layout\" data-field-id=\"1\"><div class=\"wpforms-field-layout-rows wpforms-field-large\"><div class=\"wpforms-layout-row\"><div class=\"wpforms-layout-column wpforms-layout-column-50\"><div id=\"wpforms-508-field_2-container\" class=\"wpforms-field wpforms-field-name\" data-field-id=\"2\"><label class=\"wpforms-field-label\" for=\"wpforms-508-field_2\">Nosaukums<\/label><input type=\"text\" id=\"wpforms-508-field_2\" class=\"wpforms-field-medium\" name=\"wpforms[fields][2]\" aria-errormessage=\"wpforms-508-field_2-error\" ><\/div><\/div><div class=\"wpforms-layout-column wpforms-layout-column-50\"><div id=\"wpforms-508-field_3-container\" class=\"wpforms-field wpforms-field-email\" data-field-id=\"3\"><label class=\"wpforms-field-label\" for=\"wpforms-508-field_3\">E-pasts <span class=\"wpforms-required-label\" aria-hidden=\"true\">*<\/span><\/label><input type=\"email\" id=\"wpforms-508-field_3\" class=\"wpforms-field-medium wpforms-field-required\" name=\"wpforms[fields][3]\" spellcheck=\"false\" aria-errormessage=\"wpforms-508-field_3-error\" required><\/div><\/div><\/div><div class=\"wpforms-layout-row\"><div class=\"wpforms-layout-column wpforms-layout-column-50\"><div id=\"wpforms-508-field_4-container\" class=\"wpforms-field wpforms-field-phone\" data-field-id=\"4\"><label class=\"wpforms-field-label\" for=\"wpforms-508-field_4\">T\u0101lrunis<\/label><input type=\"tel\" id=\"wpforms-508-field_4\" class=\"wpforms-field-medium\" data-rule-int-phone-field=\"true\" name=\"wpforms[fields][4]\" aria-label=\"T\u0101lrunis\" aria-errormessage=\"wpforms-508-field_4-error\" ><\/div><\/div><div class=\"wpforms-layout-column wpforms-layout-column-50\"><div id=\"wpforms-508-field_5-container\" class=\"wpforms-field wpforms-field-text\" data-field-id=\"5\"><label class=\"wpforms-field-label\" for=\"wpforms-508-field_5\">Piepras\u012bjums<\/label><input type=\"text\" id=\"wpforms-508-field_5\" class=\"wpforms-field-medium\" name=\"wpforms[fields][5]\" aria-errormessage=\"wpforms-508-field_5-error\" ><\/div><\/div><\/div><\/div><\/div><script>\n\t\t\t\t( function() {\n\t\t\t\t\tconst style = document.createElement( 'style' );\n\t\t\t\t\tstyle.appendChild( document.createTextNode( '#wpforms-508-field_6-container { position: absolute !important; overflow: hidden !important; display: inline !important; height: 1px !important; width: 1px !important; z-index: -1000 !important; padding: 0 !important; } #wpforms-508-field_6-container input { visibility: hidden; } #wpforms-conversational-form-page #wpforms-508-field_6-container label { counter-increment: none; }' ) );\n\t\t\t\t\tdocument.head.appendChild( style );\n\t\t\t\t\tdocument.currentScript?.remove();\n\t\t\t\t} )();\n\t\t\t<\/script><\/div><!-- .wpforms-field-container --><div class=\"wpforms-submit-container\" ><input type=\"hidden\" name=\"wpforms[id]\" value=\"508\"><input type=\"hidden\" name=\"page_title\" value=\"\"><input type=\"hidden\" name=\"page_url\" value=\"https:\/\/keling-elderlycaredevices.com\/lv\/wp-json\/wp\/v2\/product\/398\"><input type=\"hidden\" name=\"url_referer\" value=\"\"><button type=\"submit\" name=\"wpforms[submit]\" id=\"wpforms-submit-508\" class=\"wpforms-submit\" data-alt-text=\"Sending...\" data-submit-text=\"Get Quotation\" aria-live=\"assertive\" value=\"wpforms-submit\">Sa\u0146emt cenu pied\u0101v\u0101jumu<\/button><img loading=\"lazy\" decoding=\"async\" src=\"https:\/\/keling-elderlycaredevices.com\/wp-content\/plugins\/wpforms\/assets\/images\/submit-spin.svg\" class=\"wpforms-submit-spinner\" style=\"display: none;\" width=\"26\" height=\"26\" alt=\"Iekrau\u0161ana\"><\/div><input type=\"hidden\" name=\"trp-form-language\" value=\"lv\"\/><\/form><\/div>  <!-- .wpforms-container --><\/p>","protected":false},"excerpt":{"rendered":"<ul class=\"ul-list\" data-mark=\"-\">\n<li class=\"md-list-item md-focus-container\">\n<p class=\"md-end-block md-p md-focus\"><span class=\"md-pair-s md-expand\"><strong><span class=\"md-plain\">Dro\u0161\u012bbas atbalsta r\u0101mis:<\/span><\/strong><\/span><span class=\"md-plain\"> Nodro\u0161ina uzticamu pal\u012bdz\u012bbu gados vec\u0101kiem lietot\u0101jiem.<\/span><\/p>\n<\/li>\n<li class=\"md-list-item\">\n<p class=\"md-end-block md-p\"><span class=\"md-pair-s\"><strong><span class=\"md-plain\">Uzst\u0101d\u012b\u0161ana bez urb\u0161anas:<\/span><\/strong><\/span><span class=\"md-plain\"> Viegli uzst\u0101d\u0101ms bez instrumentiem un sienas boj\u0101jumiem.<\/span><\/p>\n<\/li>\n<li class=\"md-list-item\">\n<p class=\"md-end-block md-p\"><span class=\"md-pair-s\"><strong><span class=\"md-plain\">Stabila margu konstrukcija:<\/span><\/strong><\/span><span class=\"md-plain\"> Palielina dro\u0161\u012bbu s\u0113dus vai st\u0101vus.<\/span><\/p>\n<\/li>\n<li class=\"md-list-item\">\n<p class=\"md-end-block md-p\"><span class=\"md-pair-s\"><strong><span class=\"md-plain\">Univers\u0101ls pielietojums:<\/span><\/strong><\/span><span class=\"md-plain\"> Sader\u012bgs ar liel\u0101ko da\u013cu standarta tuale\u0161u.<\/span><\/p>\n<\/li>\n<li class=\"md-list-item md-focus-container\">\n<p class=\"md-end-block md-p md-focus\"><span class=\"md-pair-s\"><strong><span class=\"md-plain\">Iztur\u012bga konstrukcija:<\/span><\/strong><\/span><span class=\"md-plain md-expand\"> Izgatavots no iztur\u012bgiem materi\u0101liem ilgsto\u0161ai lieto\u0161anai.<\/span><\/p>\n<\/li>\n<\/ul>\n<style id=\"wpforms-css-vars-508\">\n\t\t\t\t#wpforms-508 {<\/p>\n<p>\t\t\t}\n\t\t\t<\/style>\n<div class=\"wpforms-container wpforms-container-full wpforms-render-modern\" id=\"wpforms-508\">\n<form id=\"wpforms-form-508\" class=\"wpforms-validate wpforms-form wpforms-ajax-form\" data-formid=\"508\" method=\"post\" enctype=\"multipart\/form-data\" action=\"\/lv\/wp-json\/wp\/v2\/product\/398\" data-token=\"932dda08aac0c6ed9395b27e7785fc3b\" data-token-time=\"1778643930\" data-trp-original-action=\"\/lv\/wp-json\/wp\/v2\/product\/398\"><noscript class=\"wpforms-error-noscript\">Lai aizpild\u012btu \u0161o veidlapu, l\u016bdzu, iesp\u0113jojiet JavaScript sav\u0101 p\u0101rl\u016bkprogramm\u0101.<\/noscript><\/p>\n<div id=\"wpforms-error-noscript\" style=\"display: none;\">Lai aizpild\u012btu \u0161o veidlapu, l\u016bdzu, iesp\u0113jojiet JavaScript sav\u0101 p\u0101rl\u016bkprogramm\u0101.<\/div>\n<div class=\"wpforms-field-container\">\n<div id=\"wpforms-508-field_6-container\"\n\t\t\tclass=\"wpforms-field wpforms-field-text\"\n\t\t\tdata-field-type=\"text\"\n\t\t\tdata-field-id=\"6\"\n\t\t\t><br \/>\n\t\t\t<label class=\"wpforms-field-label\" for=\"wpforms-508-field_6\" >E-pasts T\u0101lrunis Piepras\u012bjums<\/label><br \/>\n\t\t\t<input type=\"text\" id=\"wpforms-508-field_6\" class=\"wpforms-field-medium\" name=\"wpforms[fields][6]\" >\n\t\t<\/div>\n<div id=\"wpforms-508-field_1-container\" class=\"wpforms-field wpforms-field-layout\" data-field-id=\"1\">\n<div class=\"wpforms-field-layout-rows wpforms-field-large\">\n<div class=\"wpforms-layout-row\">\n<div class=\"wpforms-layout-column wpforms-layout-column-50\">\n<div id=\"wpforms-508-field_2-container\" class=\"wpforms-field wpforms-field-name\" data-field-id=\"2\"><label class=\"wpforms-field-label\" for=\"wpforms-508-field_2\">Nosaukums<\/label><input type=\"text\" id=\"wpforms-508-field_2\" class=\"wpforms-field-medium\" name=\"wpforms[fields][2]\" aria-errormessage=\"wpforms-508-field_2-error\" ><\/div>\n<\/div>\n<div class=\"wpforms-layout-column wpforms-layout-column-50\">\n<div id=\"wpforms-508-field_3-container\" class=\"wpforms-field wpforms-field-email\" data-field-id=\"3\"><label class=\"wpforms-field-label\" for=\"wpforms-508-field_3\">E-pasts <span class=\"wpforms-required-label\" aria-hidden=\"true\">*<\/span><\/label><input type=\"email\" id=\"wpforms-508-field_3\" class=\"wpforms-field-medium wpforms-field-required\" name=\"wpforms[fields][3]\" spellcheck=\"false\" aria-errormessage=\"wpforms-508-field_3-error\" required><\/div>\n<\/div>\n<\/div>\n<div class=\"wpforms-layout-row\">\n<div class=\"wpforms-layout-column wpforms-layout-column-50\">\n<div id=\"wpforms-508-field_4-container\" class=\"wpforms-field wpforms-field-phone\" data-field-id=\"4\"><label class=\"wpforms-field-label\" for=\"wpforms-508-field_4\">T\u0101lrunis<\/label><input type=\"tel\" id=\"wpforms-508-field_4\" class=\"wpforms-field-medium\" data-rule-int-phone-field=\"true\" name=\"wpforms[fields][4]\" aria-label=\"T\u0101lrunis\" aria-errormessage=\"wpforms-508-field_4-error\" ><\/div>\n<\/div>\n<div class=\"wpforms-layout-column wpforms-layout-column-50\">\n<div id=\"wpforms-508-field_5-container\" class=\"wpforms-field wpforms-field-text\" data-field-id=\"5\"><label class=\"wpforms-field-label\" for=\"wpforms-508-field_5\">Piepras\u012bjums<\/label><input type=\"text\" id=\"wpforms-508-field_5\" class=\"wpforms-field-medium\" name=\"wpforms[fields][5]\" aria-errormessage=\"wpforms-508-field_5-error\" ><\/div>\n<\/div>\n<\/div>\n<\/div>\n<\/div>\n<p><script>\n\t\t\t\t( function() {\n\t\t\t\t\tconst style = document.createElement( 'style' );\n\t\t\t\t\tstyle.appendChild( document.createTextNode( '#wpforms-508-field_6-container { position: absolute !important; overflow: hidden !important; display: inline !important; height: 1px !important; width: 1px !important; z-index: -1000 !important; padding: 0 !important; } #wpforms-508-field_6-container input { visibility: hidden; } #wpforms-conversational-form-page #wpforms-508-field_6-container label { counter-increment: none; }' ) );\n\t\t\t\t\tdocument.head.appendChild( style );\n\t\t\t\t\tdocument.currentScript?.remove();\n\t\t\t\t} )();\n\t\t\t<\/script><\/div>\n<p><!-- .wpforms-field-container --><\/p>\n<div class=\"wpforms-submit-container\" ><input type=\"hidden\" name=\"wpforms[id]\" value=\"508\"><input type=\"hidden\" name=\"page_title\" value=\"\"><input type=\"hidden\" name=\"page_url\" value=\"https:\/\/keling-elderlycaredevices.com\/lv\/wp-json\/wp\/v2\/product\/398\"><input type=\"hidden\" name=\"url_referer\" value=\"\"><button type=\"submit\" name=\"wpforms[submit]\" id=\"wpforms-submit-508\" class=\"wpforms-submit\" data-alt-text=\"Sending...\" data-submit-text=\"Get Quotation\" aria-live=\"assertive\" value=\"wpforms-submit\">Sa\u0146emt cenu pied\u0101v\u0101jumu<\/button><img loading=\"lazy\" decoding=\"async\" src=\"https:\/\/keling-elderlycaredevices.com\/wp-content\/plugins\/wpforms\/assets\/images\/submit-spin.svg\" class=\"wpforms-submit-spinner\" style=\"display: none;\" width=\"26\" height=\"26\" alt=\"Iekrau\u0161ana\"><\/div>\n<input type=\"hidden\" name=\"trp-form-language\" value=\"lv\"\/><\/form>\n<\/div>\n<p>  <!-- .wpforms-container --><\/p>","protected":false},"featured_media":423,"template":"","meta":{"site-sidebar-layout":"default","site-content-layout":"","ast-site-content-layout":"default","site-content-style":"default","site-sidebar-style":"default","ast-global-header-display":"","ast-banner-title-visibility":"","ast-main-header-display":"","ast-hfb-above-header-display":"","ast-hfb-below-header-display":"","ast-hfb-mobile-header-display":"","site-post-title":"","ast-breadcrumbs-content":"","ast-featured-img":"","footer-sml-layout":"","ast-disable-related-posts":"","theme-transparent-header-meta":"default","adv-header-id-meta":"","stick-header-meta":"","header-above-stick-meta":"","header-main-stick-meta":"","header-below-stick-meta":"","astra-migrate-meta-layouts":"set","ast-page-background-enabled":"default","ast-page-background-meta":{"desktop":{"background-color":"var(--ast-global-color-5)","background-image":"","background-repeat":"repeat","background-position":"center center","background-size":"auto","background-attachment":"scroll","background-type":"","background-media":"","overlay-type":"","overlay-color":"","overlay-opacity":"","overlay-gradient":""},"tablet":{"background-color":"","background-image":"","background-repeat":"repeat","background-position":"center center","background-size":"auto","background-attachment":"scroll","background-type":"","background-media":"","overlay-type":"","overlay-color":"","overlay-opacity":"","overlay-gradient":""},"mobile":{"background-color":"","background-image":"","background-repeat":"repeat","background-position":"center center","background-size":"auto","background-attachment":"scroll","background-type":"","background-media":"","overlay-type":"","overlay-color":"","overlay-opacity":"","overlay-gradient":""}},"ast-content-background-meta":{"desktop":{"background-color":"var(--ast-global-color-4)","background-image":"","background-repeat":"repeat","background-position":"center center","background-size":"auto","background-attachment":"scroll","background-type":"","background-media":"","overlay-type":"","overlay-color":"","overlay-opacity":"","overlay-gradient":""},"tablet":{"background-color":"var(--ast-global-color-4)","background-image":"","background-repeat":"repeat","background-position":"center center","background-size":"auto","background-attachment":"scroll","background-type":"","background-media":"","overlay-type":"","overlay-color":"","overlay-opacity":"","overlay-gradient":""},"mobile":{"background-color":"var(--ast-global-color-4)","background-image":"","background-repeat":"repeat","background-position":"center center","background-size":"auto","background-attachment":"scroll","background-type":"","background-media":"","overlay-type":"","overlay-color":"","overlay-opacity":"","overlay-gradient":""}}},"product_brand":[],"product_cat":[22],"product_tag":[],"class_list":{"0":"post-398","1":"product","2":"type-product","3":"status-publish","4":"has-post-thumbnail","6":"product_cat-toilet","7":"desktop-align-left","8":"tablet-align-left","9":"mobile-align-left","11":"first","12":"instock","13":"shipping-taxable","14":"product-type-simple"},"_links":{"self":[{"href":"https:\/\/keling-elderlycaredevices.com\/lv\/wp-json\/wp\/v2\/product\/398","targetHints":{"allow":["GET"]}}],"collection":[{"href":"https:\/\/keling-elderlycaredevices.com\/lv\/wp-json\/wp\/v2\/product"}],"about":[{"href":"https:\/\/keling-elderlycaredevices.com\/lv\/wp-json\/wp\/v2\/types\/product"}],"wp:featuredmedia":[{"embeddable":true,"href":"https:\/\/keling-elderlycaredevices.com\/lv\/wp-json\/wp\/v2\/media\/423"}],"wp:attachment":[{"href":"https:\/\/keling-elderlycaredevices.com\/lv\/wp-json\/wp\/v2\/media?parent=398"}],"wp:term":[{"taxonomy":"product_brand","embeddable":true,"href":"https:\/\/keling-elderlycaredevices.com\/lv\/wp-json\/wp\/v2\/product_brand?post=398"},{"taxonomy":"product_cat","embeddable":true,"href":"https:\/\/keling-elderlycaredevices.com\/lv\/wp-json\/wp\/v2\/product_cat?post=398"},{"taxonomy":"product_tag","embeddable":true,"href":"https:\/\/keling-elderlycaredevices.com\/lv\/wp-json\/wp\/v2\/product_tag?post=398"}],"curies":[{"name":"wp","href":"https:\/\/api.w.org\/{rel}","templated":true}]}}