{"id":176,"date":"2025-06-27T00:52:45","date_gmt":"2025-06-27T00:52:45","guid":{"rendered":"https:\/\/keling-elderlycaredevices.com\/?post_type=product&#038;p=176"},"modified":"2025-06-28T14:10:54","modified_gmt":"2025-06-28T14:10:54","slug":"nesiojamas-deguonies-aparatas-namams-pagyvenusiems-zmonems-nesciosioms-ir-studentams-1l-talpos","status":"publish","type":"product","link":"https:\/\/keling-elderlycaredevices.com\/lt\/product\/nesiojamas-deguonies-aparatas-namams-pagyvenusiems-zmonems-nesciosioms-ir-studentams-1l-talpos\/","title":{"rendered":"Ne\u0161iojamasis deguonies aparatas namams, pagyvenusiems \u017emon\u0117ms, n\u0117\u0161\u010diosioms ir studentams, 1 l talpos"},"content":{"rendered":"<p><img fetchpriority=\"high\" decoding=\"async\" class=\"aligncenter size-full wp-image-1262\" src=\"https:\/\/1688factorys.com\/wp-content\/uploads\/\u8be6\u60c5-1-2.png\" alt=\"\" width=\"790\" height=\"986\" \/> <img decoding=\"async\" class=\"aligncenter size-full wp-image-1263\" src=\"https:\/\/1688factorys.com\/wp-content\/uploads\/\u8be6\u60c5-2-2.png\" alt=\"\" width=\"790\" height=\"887\" \/> <img decoding=\"async\" class=\"aligncenter size-full wp-image-1264\" src=\"https:\/\/1688factorys.com\/wp-content\/uploads\/\u8be6\u60c5-3-2.png\" alt=\"\" width=\"790\" height=\"571\" \/> <img loading=\"lazy\" decoding=\"async\" class=\"aligncenter size-full wp-image-1265\" src=\"https:\/\/1688factorys.com\/wp-content\/uploads\/\u8be6\u60c5-4-2.png\" alt=\"\" width=\"790\" height=\"1039\" \/> <img loading=\"lazy\" decoding=\"async\" class=\"aligncenter size-full wp-image-1266\" src=\"https:\/\/1688factorys.com\/wp-content\/uploads\/\u8be6\u60c5-5-2.png\" alt=\"\" width=\"790\" height=\"724\" \/> <img loading=\"lazy\" decoding=\"async\" class=\"aligncenter size-full wp-image-1267\" src=\"https:\/\/1688factorys.com\/wp-content\/uploads\/\u8be6\u60c5-6-2.png\" alt=\"\" width=\"790\" height=\"847\" \/> <img loading=\"lazy\" decoding=\"async\" class=\"aligncenter size-full wp-image-1268\" src=\"https:\/\/1688factorys.com\/wp-content\/uploads\/\u8be6\u60c5-7-2.png\" alt=\"\" width=\"790\" height=\"1016\" \/> <img loading=\"lazy\" decoding=\"async\" class=\"aligncenter size-full wp-image-1269\" src=\"https:\/\/1688factorys.com\/wp-content\/uploads\/\u8be6\u60c5-8-2.png\" alt=\"\" width=\"790\" height=\"757\" \/>\u0160is 1 l talpos ne\u0161iojamasis deguonies koncentratorius skirtas naudoti namuose ir yra patikimas deguonies \u0161altinis pagyvenusiems \u017emon\u0117ms, n\u0117\u0161\u010dioms moterims ir studentams. D\u0117l kompakti\u0161ko dyd\u017eio ir patogi\u0173 funkcij\u0173 jis yra idealus pasirinkimas kasdienei sveikatai ir komfortui u\u017etikrinti.<br \/>\n<style id=\"wpforms-css-vars-508\">\n\t\t\t\t#wpforms-508 {\n\t\t\t\t\n\t\t\t}\n\t\t\t<\/style><div class=\"wpforms-container wpforms-container-full wpforms-render-modern\" id=\"wpforms-508\"><form id=\"wpforms-form-508\" class=\"wpforms-validate wpforms-form wpforms-ajax-form\" data-formid=\"508\" method=\"post\" enctype=\"multipart\/form-data\" action=\"\/lt\/wp-json\/wp\/v2\/product\/176\" data-token=\"932dda08aac0c6ed9395b27e7785fc3b\" data-token-time=\"1778671338\" data-trp-original-action=\"\/lt\/wp-json\/wp\/v2\/product\/176\"><noscript class=\"wpforms-error-noscript\">Nor\u0117dami u\u017epildyti \u0161i\u0105 form\u0105, nar\u0161ykl\u0117je \u012fjunkite \"JavaScript\".<\/noscript><div id=\"wpforms-error-noscript\" style=\"display: none;\">Nor\u0117dami u\u017epildyti \u0161i\u0105 form\u0105, nar\u0161ykl\u0117je \u012fjunkite \"JavaScript\".<\/div><div class=\"wpforms-field-container\">\t\t<div id=\"wpforms-508-field_6-container\"\n\t\t\tclass=\"wpforms-field wpforms-field-text\"\n\t\t\tdata-field-type=\"text\"\n\t\t\tdata-field-id=\"6\"\n\t\t\t>\n\t\t\t<label class=\"wpforms-field-label\" for=\"wpforms-508-field_6\" >Telefono u\u017eklausos i\u0161d\u0117stymas<\/label>\n\t\t\t<input type=\"text\" id=\"wpforms-508-field_6\" class=\"wpforms-field-medium\" name=\"wpforms[fields][6]\" >\n\t\t<\/div>\n\t\t<div id=\"wpforms-508-field_1-container\" class=\"wpforms-field wpforms-field-layout\" data-field-id=\"1\"><div class=\"wpforms-field-layout-rows wpforms-field-large\"><div class=\"wpforms-layout-row\"><div class=\"wpforms-layout-column wpforms-layout-column-50\"><div id=\"wpforms-508-field_2-container\" class=\"wpforms-field wpforms-field-name\" data-field-id=\"2\"><label class=\"wpforms-field-label\" for=\"wpforms-508-field_2\">Pavadinimas<\/label><input type=\"text\" id=\"wpforms-508-field_2\" class=\"wpforms-field-medium\" name=\"wpforms[fields][2]\" aria-errormessage=\"wpforms-508-field_2-error\" ><\/div><\/div><div class=\"wpforms-layout-column wpforms-layout-column-50\"><div id=\"wpforms-508-field_3-container\" class=\"wpforms-field wpforms-field-email\" data-field-id=\"3\"><label class=\"wpforms-field-label\" for=\"wpforms-508-field_3\">El. pa\u0161tas <span class=\"wpforms-required-label\" aria-hidden=\"true\">*<\/span><\/label><input type=\"email\" id=\"wpforms-508-field_3\" class=\"wpforms-field-medium wpforms-field-required\" name=\"wpforms[fields][3]\" spellcheck=\"false\" aria-errormessage=\"wpforms-508-field_3-error\" required><\/div><\/div><\/div><div class=\"wpforms-layout-row\"><div class=\"wpforms-layout-column wpforms-layout-column-50\"><div id=\"wpforms-508-field_4-container\" class=\"wpforms-field wpforms-field-phone\" data-field-id=\"4\"><label class=\"wpforms-field-label\" for=\"wpforms-508-field_4\">Telefonas<\/label><input type=\"tel\" id=\"wpforms-508-field_4\" class=\"wpforms-field-medium\" data-rule-int-phone-field=\"true\" name=\"wpforms[fields][4]\" aria-label=\"Telefonas\" aria-errormessage=\"wpforms-508-field_4-error\" ><\/div><\/div><div class=\"wpforms-layout-column wpforms-layout-column-50\"><div id=\"wpforms-508-field_5-container\" class=\"wpforms-field wpforms-field-text\" data-field-id=\"5\"><label class=\"wpforms-field-label\" for=\"wpforms-508-field_5\">U\u017eklausa<\/label><input type=\"text\" id=\"wpforms-508-field_5\" class=\"wpforms-field-medium\" name=\"wpforms[fields][5]\" aria-errormessage=\"wpforms-508-field_5-error\" ><\/div><\/div><\/div><\/div><\/div><script>\n\t\t\t\t( function() {\n\t\t\t\t\tconst style = document.createElement( 'style' );\n\t\t\t\t\tstyle.appendChild( document.createTextNode( '#wpforms-508-field_6-container { position: absolute !important; overflow: hidden !important; display: inline !important; height: 1px !important; width: 1px !important; z-index: -1000 !important; padding: 0 !important; } #wpforms-508-field_6-container input { visibility: hidden; } #wpforms-conversational-form-page #wpforms-508-field_6-container label { counter-increment: none; }' ) );\n\t\t\t\t\tdocument.head.appendChild( style );\n\t\t\t\t\tdocument.currentScript?.remove();\n\t\t\t\t} )();\n\t\t\t<\/script><\/div><!-- .wpforms-field-container --><div class=\"wpforms-submit-container\" ><input type=\"hidden\" name=\"wpforms[id]\" value=\"508\"><input type=\"hidden\" name=\"page_title\" value=\"\"><input type=\"hidden\" name=\"page_url\" value=\"https:\/\/keling-elderlycaredevices.com\/lt\/wp-json\/wp\/v2\/product\/176\"><input type=\"hidden\" name=\"url_referer\" value=\"\"><button type=\"submit\" name=\"wpforms[submit]\" id=\"wpforms-submit-508\" class=\"wpforms-submit\" data-alt-text=\"Sending...\" data-submit-text=\"Get Quotation\" aria-live=\"assertive\" value=\"wpforms-submit\">Gaukite pasi\u016blym\u0105<\/button><img loading=\"lazy\" decoding=\"async\" src=\"https:\/\/keling-elderlycaredevices.com\/wp-content\/plugins\/wpforms\/assets\/images\/submit-spin.svg\" class=\"wpforms-submit-spinner\" style=\"display: none;\" width=\"26\" height=\"26\" alt=\"Pakrovimas\"><\/div><input type=\"hidden\" name=\"trp-form-language\" value=\"lt\"\/><\/form><\/div>  <!-- .wpforms-container --><\/p>","protected":false},"excerpt":{"rendered":"<ol class=\"ol-list\">\n<li class=\"md-list-item md-focus-container\">\n<p class=\"md-end-block md-p md-focus\"><span class=\"md-plain\">Suteikia stabil\u0173 ir nepertraukiam\u0105 deguonies sraut\u0105, skirt\u0105 naudoti namuose.<\/span><\/p>\n<\/li>\n<li class=\"md-list-item\">\n<p class=\"md-end-block md-p\"><span class=\"md-plain\">Tylus veikimas, tinka vyresnio am\u017eiaus \u017emon\u0117ms, n\u0117\u0161\u010dioms moterims ir studentams.<\/span><\/p>\n<\/li>\n<li class=\"md-list-item\">\n<p class=\"md-end-block md-p\"><span class=\"md-plain\">Kompakti\u0161kas ir ne\u0161iojamas dizainas, kad b\u016bt\u0173 lengva perkelti ir laikyti.<\/span><\/p>\n<\/li>\n<li class=\"md-list-item\">\n<p class=\"md-end-block md-p\"><span class=\"md-plain\">Patogi naudotojo s\u0105saja su paprastais valdikliais.<\/span><\/p>\n<\/li>\n<li class=\"md-list-item\">\n<p class=\"md-end-block md-p\"><span class=\"md-plain\">Energijos vartojimo efektyvumas ir nedideli prie\u017ei\u016bros reikalavimai.<\/span><\/p>\n<\/li>\n<\/ol>\n<style id=\"wpforms-css-vars-508\">\n\t\t\t\t#wpforms-508 {<\/p>\n<p>\t\t\t}\n\t\t\t<\/style>\n<div class=\"wpforms-container wpforms-container-full wpforms-render-modern\" id=\"wpforms-508\">\n<form id=\"wpforms-form-508\" class=\"wpforms-validate wpforms-form wpforms-ajax-form\" data-formid=\"508\" method=\"post\" enctype=\"multipart\/form-data\" action=\"\/lt\/wp-json\/wp\/v2\/product\/176\" data-token=\"932dda08aac0c6ed9395b27e7785fc3b\" data-token-time=\"1778671338\" data-trp-original-action=\"\/lt\/wp-json\/wp\/v2\/product\/176\"><noscript class=\"wpforms-error-noscript\">Nor\u0117dami u\u017epildyti \u0161i\u0105 form\u0105, nar\u0161ykl\u0117je \u012fjunkite \"JavaScript\".<\/noscript><\/p>\n<div id=\"wpforms-error-noscript\" style=\"display: none;\">Nor\u0117dami u\u017epildyti \u0161i\u0105 form\u0105, nar\u0161ykl\u0117je \u012fjunkite \"JavaScript\".<\/div>\n<div class=\"wpforms-field-container\">\n<div id=\"wpforms-508-field_6-container\"\n\t\t\tclass=\"wpforms-field wpforms-field-text\"\n\t\t\tdata-field-type=\"text\"\n\t\t\tdata-field-id=\"6\"\n\t\t\t><br \/>\n\t\t\t<label class=\"wpforms-field-label\" for=\"wpforms-508-field_6\" >Telefonas El. pa\u0161tas U\u017eklausa<\/label><br \/>\n\t\t\t<input type=\"text\" id=\"wpforms-508-field_6\" class=\"wpforms-field-medium\" name=\"wpforms[fields][6]\" >\n\t\t<\/div>\n<div id=\"wpforms-508-field_1-container\" class=\"wpforms-field wpforms-field-layout\" data-field-id=\"1\">\n<div class=\"wpforms-field-layout-rows wpforms-field-large\">\n<div class=\"wpforms-layout-row\">\n<div class=\"wpforms-layout-column wpforms-layout-column-50\">\n<div id=\"wpforms-508-field_2-container\" class=\"wpforms-field wpforms-field-name\" data-field-id=\"2\"><label class=\"wpforms-field-label\" for=\"wpforms-508-field_2\">Pavadinimas<\/label><input type=\"text\" id=\"wpforms-508-field_2\" class=\"wpforms-field-medium\" name=\"wpforms[fields][2]\" aria-errormessage=\"wpforms-508-field_2-error\" ><\/div>\n<\/div>\n<div class=\"wpforms-layout-column wpforms-layout-column-50\">\n<div id=\"wpforms-508-field_3-container\" class=\"wpforms-field wpforms-field-email\" data-field-id=\"3\"><label class=\"wpforms-field-label\" for=\"wpforms-508-field_3\">El. pa\u0161tas <span class=\"wpforms-required-label\" aria-hidden=\"true\">*<\/span><\/label><input type=\"email\" id=\"wpforms-508-field_3\" class=\"wpforms-field-medium wpforms-field-required\" name=\"wpforms[fields][3]\" spellcheck=\"false\" aria-errormessage=\"wpforms-508-field_3-error\" required><\/div>\n<\/div>\n<\/div>\n<div class=\"wpforms-layout-row\">\n<div class=\"wpforms-layout-column wpforms-layout-column-50\">\n<div id=\"wpforms-508-field_4-container\" class=\"wpforms-field wpforms-field-phone\" data-field-id=\"4\"><label class=\"wpforms-field-label\" for=\"wpforms-508-field_4\">Telefonas<\/label><input type=\"tel\" id=\"wpforms-508-field_4\" class=\"wpforms-field-medium\" data-rule-int-phone-field=\"true\" name=\"wpforms[fields][4]\" aria-label=\"Telefonas\" aria-errormessage=\"wpforms-508-field_4-error\" ><\/div>\n<\/div>\n<div class=\"wpforms-layout-column wpforms-layout-column-50\">\n<div id=\"wpforms-508-field_5-container\" class=\"wpforms-field wpforms-field-text\" data-field-id=\"5\"><label class=\"wpforms-field-label\" for=\"wpforms-508-field_5\">U\u017eklausa<\/label><input type=\"text\" id=\"wpforms-508-field_5\" class=\"wpforms-field-medium\" name=\"wpforms[fields][5]\" aria-errormessage=\"wpforms-508-field_5-error\" ><\/div>\n<\/div>\n<\/div>\n<\/div>\n<\/div>\n<p><script>\n\t\t\t\t( function() {\n\t\t\t\t\tconst style = document.createElement( 'style' );\n\t\t\t\t\tstyle.appendChild( document.createTextNode( '#wpforms-508-field_6-container { position: absolute !important; overflow: hidden !important; display: inline !important; height: 1px !important; width: 1px !important; z-index: -1000 !important; padding: 0 !important; } #wpforms-508-field_6-container input { visibility: hidden; } #wpforms-conversational-form-page #wpforms-508-field_6-container label { counter-increment: none; }' ) );\n\t\t\t\t\tdocument.head.appendChild( style );\n\t\t\t\t\tdocument.currentScript?.remove();\n\t\t\t\t} )();\n\t\t\t<\/script><\/div>\n<p><!-- .wpforms-field-container --><\/p>\n<div class=\"wpforms-submit-container\" ><input type=\"hidden\" name=\"wpforms[id]\" value=\"508\"><input type=\"hidden\" name=\"page_title\" value=\"\"><input type=\"hidden\" name=\"page_url\" value=\"https:\/\/keling-elderlycaredevices.com\/lt\/wp-json\/wp\/v2\/product\/176\"><input type=\"hidden\" name=\"url_referer\" value=\"\"><button type=\"submit\" name=\"wpforms[submit]\" id=\"wpforms-submit-508\" class=\"wpforms-submit\" data-alt-text=\"Sending...\" data-submit-text=\"Get Quotation\" aria-live=\"assertive\" value=\"wpforms-submit\">Gaukite pasi\u016blym\u0105<\/button><img loading=\"lazy\" decoding=\"async\" src=\"https:\/\/keling-elderlycaredevices.com\/wp-content\/plugins\/wpforms\/assets\/images\/submit-spin.svg\" class=\"wpforms-submit-spinner\" style=\"display: none;\" width=\"26\" height=\"26\" alt=\"Pakrovimas\"><\/div>\n<input type=\"hidden\" name=\"trp-form-language\" value=\"lt\"\/><\/form>\n<\/div>\n<p>  <!-- .wpforms-container --><\/p>","protected":false},"featured_media":187,"template":"","meta":{"site-sidebar-layout":"default","site-content-layout":"","ast-site-content-layout":"default","site-content-style":"default","site-sidebar-style":"default","ast-global-header-display":"","ast-banner-title-visibility":"","ast-main-header-display":"","ast-hfb-above-header-display":"","ast-hfb-below-header-display":"","ast-hfb-mobile-header-display":"","site-post-title":"","ast-breadcrumbs-content":"","ast-featured-img":"","footer-sml-layout":"","ast-disable-related-posts":"","theme-transparent-header-meta":"default","adv-header-id-meta":"","stick-header-meta":"","header-above-stick-meta":"","header-main-stick-meta":"","header-below-stick-meta":"","astra-migrate-meta-layouts":"set","ast-page-background-enabled":"default","ast-page-background-meta":{"desktop":{"background-color":"var(--ast-global-color-5)","background-image":"","background-repeat":"repeat","background-position":"center center","background-size":"auto","background-attachment":"scroll","background-type":"","background-media":"","overlay-type":"","overlay-color":"","overlay-opacity":"","overlay-gradient":""},"tablet":{"background-color":"","background-image":"","background-repeat":"repeat","background-position":"center center","background-size":"auto","background-attachment":"scroll","background-type":"","background-media":"","overlay-type":"","overlay-color":"","overlay-opacity":"","overlay-gradient":""},"mobile":{"background-color":"","background-image":"","background-repeat":"repeat","background-position":"center center","background-size":"auto","background-attachment":"scroll","background-type":"","background-media":"","overlay-type":"","overlay-color":"","overlay-opacity":"","overlay-gradient":""}},"ast-content-background-meta":{"desktop":{"background-color":"var(--ast-global-color-4)","background-image":"","background-repeat":"repeat","background-position":"center center","background-size":"auto","background-attachment":"scroll","background-type":"","background-media":"","overlay-type":"","overlay-color":"","overlay-opacity":"","overlay-gradient":""},"tablet":{"background-color":"var(--ast-global-color-4)","background-image":"","background-repeat":"repeat","background-position":"center center","background-size":"auto","background-attachment":"scroll","background-type":"","background-media":"","overlay-type":"","overlay-color":"","overlay-opacity":"","overlay-gradient":""},"mobile":{"background-color":"var(--ast-global-color-4)","background-image":"","background-repeat":"repeat","background-position":"center center","background-size":"auto","background-attachment":"scroll","background-type":"","background-media":"","overlay-type":"","overlay-color":"","overlay-opacity":"","overlay-gradient":""}}},"product_brand":[],"product_cat":[25],"product_tag":[],"class_list":{"0":"post-176","1":"product","2":"type-product","3":"status-publish","4":"has-post-thumbnail","6":"product_cat-home-health","7":"desktop-align-left","8":"tablet-align-left","9":"mobile-align-left","11":"first","12":"instock","13":"shipping-taxable","14":"product-type-simple"},"_links":{"self":[{"href":"https:\/\/keling-elderlycaredevices.com\/lt\/wp-json\/wp\/v2\/product\/176","targetHints":{"allow":["GET"]}}],"collection":[{"href":"https:\/\/keling-elderlycaredevices.com\/lt\/wp-json\/wp\/v2\/product"}],"about":[{"href":"https:\/\/keling-elderlycaredevices.com\/lt\/wp-json\/wp\/v2\/types\/product"}],"wp:featuredmedia":[{"embeddable":true,"href":"https:\/\/keling-elderlycaredevices.com\/lt\/wp-json\/wp\/v2\/media\/187"}],"wp:attachment":[{"href":"https:\/\/keling-elderlycaredevices.com\/lt\/wp-json\/wp\/v2\/media?parent=176"}],"wp:term":[{"taxonomy":"product_brand","embeddable":true,"href":"https:\/\/keling-elderlycaredevices.com\/lt\/wp-json\/wp\/v2\/product_brand?post=176"},{"taxonomy":"product_cat","embeddable":true,"href":"https:\/\/keling-elderlycaredevices.com\/lt\/wp-json\/wp\/v2\/product_cat?post=176"},{"taxonomy":"product_tag","embeddable":true,"href":"https:\/\/keling-elderlycaredevices.com\/lt\/wp-json\/wp\/v2\/product_tag?post=176"}],"curies":[{"name":"wp","href":"https:\/\/api.w.org\/{rel}","templated":true}]}}