{"id":453,"date":"2025-06-27T01:05:00","date_gmt":"2025-06-27T01:05:00","guid":{"rendered":"https:\/\/keling-elderlycaredevices.com\/?post_type=product&#038;p=453"},"modified":"2025-06-28T12:59:24","modified_gmt":"2025-06-28T12:59:24","slug":"fauteuil-roulant-pliable-et-leger-pour-personnes-agees-et-enfants-handicapes","status":"publish","type":"product","link":"https:\/\/keling-elderlycaredevices.com\/fr\/product\/fauteuil-roulant-pliable-et-leger-pour-personnes-agees-et-enfants-handicapes\/","title":{"rendered":"Fauteuil roulant d'allaitement pliable et l\u00e9ger pour personnes \u00e2g\u00e9es, handicap\u00e9s et enfants"},"content":{"rendered":"<p><img fetchpriority=\"high\" decoding=\"async\" class=\"aligncenter size-full wp-image-2324\" src=\"https:\/\/1688factorys.com\/wp-content\/uploads\/\u8be6\u60c5-1-3.jpg\" alt=\"\" width=\"750\" height=\"310\" \/> <img decoding=\"async\" class=\"aligncenter size-full wp-image-2325\" src=\"https:\/\/1688factorys.com\/wp-content\/uploads\/\u8be6\u60c5-2-2.jpg\" alt=\"\" width=\"800\" height=\"800\" \/> <img decoding=\"async\" class=\"aligncenter size-full wp-image-2326\" src=\"https:\/\/1688factorys.com\/wp-content\/uploads\/\u8be6\u60c5-3-2.jpg\" alt=\"\" width=\"750\" height=\"666\" \/> <img loading=\"lazy\" decoding=\"async\" class=\"aligncenter size-full wp-image-2327\" src=\"https:\/\/1688factorys.com\/wp-content\/uploads\/\u8be6\u60c5-4-3.jpg\" alt=\"\" width=\"750\" height=\"418\" \/> <img loading=\"lazy\" decoding=\"async\" class=\"aligncenter size-full wp-image-2328\" src=\"https:\/\/1688factorys.com\/wp-content\/uploads\/\u8be6\u60c5-5-43.png\" alt=\"\" width=\"750\" height=\"1014\" \/> <img loading=\"lazy\" decoding=\"async\" class=\"aligncenter size-full wp-image-2329\" src=\"https:\/\/1688factorys.com\/wp-content\/uploads\/\u8be6\u60c5-6-2.jpg\" alt=\"\" width=\"750\" height=\"764\" \/> <img loading=\"lazy\" decoding=\"async\" class=\"aligncenter size-full wp-image-2330\" src=\"https:\/\/1688factorys.com\/wp-content\/uploads\/\u8be6\u60c5-7-2.jpg\" alt=\"\" width=\"750\" height=\"742\" \/> <img loading=\"lazy\" decoding=\"async\" class=\"aligncenter size-full wp-image-2331\" src=\"https:\/\/1688factorys.com\/wp-content\/uploads\/\u8be6\u60c5-8-2.jpg\" alt=\"\" width=\"750\" height=\"368\" \/> <img loading=\"lazy\" decoding=\"async\" class=\"aligncenter size-full wp-image-2332\" src=\"https:\/\/1688factorys.com\/wp-content\/uploads\/\u8be6\u60c5-9-1.jpg\" alt=\"\" width=\"750\" height=\"880\" \/> <img loading=\"lazy\" decoding=\"async\" class=\"aligncenter size-full wp-image-2333\" src=\"https:\/\/1688factorys.com\/wp-content\/uploads\/\u8be6\u60c5-10-2.jpg\" alt=\"\" width=\"750\" height=\"730\" \/> <img loading=\"lazy\" decoding=\"async\" class=\"aligncenter size-full wp-image-2334\" src=\"https:\/\/1688factorys.com\/wp-content\/uploads\/\u8be6\u60c5-11-1.jpg\" alt=\"\" width=\"750\" height=\"726\" \/> <img loading=\"lazy\" decoding=\"async\" class=\"aligncenter size-full wp-image-2335\" src=\"https:\/\/1688factorys.com\/wp-content\/uploads\/\u8be6\u60c5-12.jpg\" alt=\"\" width=\"750\" height=\"970\" \/>Ce fauteuil roulant de soins pliable et l\u00e9ger est parfait pour les personnes \u00e2g\u00e9es, les personnes handicap\u00e9es et les enfants. Sa conception portable et sa facilit\u00e9 d'utilisation par pouss\u00e9e manuelle en font un outil id\u00e9al pour les besoins de mobilit\u00e9 quotidiens. Des options de vente en gros sont disponibles pour les commandes group\u00e9es.<br \/>\n<style id=\"wpforms-css-vars-508\">\n\t\t\t\t#wpforms-508 {\n\t\t\t\t\n\t\t\t}\n\t\t\t<\/style><div class=\"wpforms-container wpforms-container-full wpforms-render-modern\" id=\"wpforms-508\"><form id=\"wpforms-form-508\" class=\"wpforms-validate wpforms-form wpforms-ajax-form\" data-formid=\"508\" method=\"post\" enctype=\"multipart\/form-data\" action=\"\/fr\/wp-json\/wp\/v2\/product\/453\" data-token=\"1476e74ddd2c88221375e92b649ba1af\" data-token-time=\"1778621716\" data-trp-original-action=\"\/fr\/wp-json\/wp\/v2\/product\/453\"><noscript class=\"wpforms-error-noscript\">Veuillez activer JavaScript dans votre navigateur pour remplir ce formulaire.<\/noscript><div id=\"wpforms-error-noscript\" style=\"display: none;\">Veuillez activer JavaScript dans votre navigateur pour remplir ce formulaire.<\/div><div class=\"wpforms-field-container\">\t\t<div id=\"wpforms-508-field_6-container\"\n\t\t\tclass=\"wpforms-field wpforms-field-text\"\n\t\t\tdata-field-type=\"text\"\n\t\t\tdata-field-id=\"6\"\n\t\t\t>\n\t\t\t<label class=\"wpforms-field-label\" for=\"wpforms-508-field_6\" >T\u00e9l\u00e9phone Mise en page Courriel<\/label>\n\t\t\t<input type=\"text\" id=\"wpforms-508-field_6\" class=\"wpforms-field-medium\" name=\"wpforms[fields][6]\" >\n\t\t<\/div>\n\t\t<div id=\"wpforms-508-field_1-container\" class=\"wpforms-field wpforms-field-layout\" data-field-id=\"1\"><div class=\"wpforms-field-layout-rows wpforms-field-large\"><div class=\"wpforms-layout-row\"><div class=\"wpforms-layout-column wpforms-layout-column-50\"><div id=\"wpforms-508-field_2-container\" class=\"wpforms-field wpforms-field-name\" data-field-id=\"2\"><label class=\"wpforms-field-label\" for=\"wpforms-508-field_2\">Nom<\/label><input type=\"text\" id=\"wpforms-508-field_2\" class=\"wpforms-field-medium\" name=\"wpforms[fields][2]\" aria-errormessage=\"wpforms-508-field_2-error\" ><\/div><\/div><div class=\"wpforms-layout-column wpforms-layout-column-50\"><div id=\"wpforms-508-field_3-container\" class=\"wpforms-field wpforms-field-email\" data-field-id=\"3\"><label class=\"wpforms-field-label\" for=\"wpforms-508-field_3\">Courriel <span class=\"wpforms-required-label\" aria-hidden=\"true\">*<\/span><\/label><input type=\"email\" id=\"wpforms-508-field_3\" class=\"wpforms-field-medium wpforms-field-required\" name=\"wpforms[fields][3]\" spellcheck=\"false\" aria-errormessage=\"wpforms-508-field_3-error\" required><\/div><\/div><\/div><div class=\"wpforms-layout-row\"><div class=\"wpforms-layout-column wpforms-layout-column-50\"><div id=\"wpforms-508-field_4-container\" class=\"wpforms-field wpforms-field-phone\" data-field-id=\"4\"><label class=\"wpforms-field-label\" for=\"wpforms-508-field_4\">T\u00e9l\u00e9phone<\/label><input type=\"tel\" id=\"wpforms-508-field_4\" class=\"wpforms-field-medium\" data-rule-int-phone-field=\"true\" name=\"wpforms[fields][4]\" aria-label=\"T\u00e9l\u00e9phone\" aria-errormessage=\"wpforms-508-field_4-error\" ><\/div><\/div><div class=\"wpforms-layout-column wpforms-layout-column-50\"><div id=\"wpforms-508-field_5-container\" class=\"wpforms-field wpforms-field-text\" data-field-id=\"5\"><label class=\"wpforms-field-label\" for=\"wpforms-508-field_5\">Demande de renseignements<\/label><input type=\"text\" id=\"wpforms-508-field_5\" class=\"wpforms-field-medium\" name=\"wpforms[fields][5]\" aria-errormessage=\"wpforms-508-field_5-error\" ><\/div><\/div><\/div><\/div><\/div><script>\n\t\t\t\t( function() {\n\t\t\t\t\tconst style = document.createElement( 'style' );\n\t\t\t\t\tstyle.appendChild( document.createTextNode( '#wpforms-508-field_6-container { position: absolute !important; overflow: hidden !important; display: inline !important; height: 1px !important; width: 1px !important; z-index: -1000 !important; padding: 0 !important; } #wpforms-508-field_6-container input { visibility: hidden; } #wpforms-conversational-form-page #wpforms-508-field_6-container label { counter-increment: none; }' ) );\n\t\t\t\t\tdocument.head.appendChild( style );\n\t\t\t\t\tdocument.currentScript?.remove();\n\t\t\t\t} )();\n\t\t\t<\/script><\/div><!-- .wpforms-field-container --><div class=\"wpforms-submit-container\" ><input type=\"hidden\" name=\"wpforms[id]\" value=\"508\"><input type=\"hidden\" name=\"page_title\" value=\"\"><input type=\"hidden\" name=\"page_url\" value=\"https:\/\/keling-elderlycaredevices.com\/fr\/wp-json\/wp\/v2\/product\/453\"><input type=\"hidden\" name=\"url_referer\" value=\"\"><button type=\"submit\" name=\"wpforms[submit]\" id=\"wpforms-submit-508\" class=\"wpforms-submit\" data-alt-text=\"Sending...\" data-submit-text=\"Get Quotation\" aria-live=\"assertive\" value=\"wpforms-submit\">Obtenir un devis<\/button><img loading=\"lazy\" decoding=\"async\" src=\"https:\/\/keling-elderlycaredevices.com\/wp-content\/plugins\/wpforms\/assets\/images\/submit-spin.svg\" class=\"wpforms-submit-spinner\" style=\"display: none;\" width=\"26\" height=\"26\" alt=\"Chargement en cours\"><\/div><input type=\"hidden\" name=\"trp-form-language\" value=\"fr\"\/><\/form><\/div>  <!-- .wpforms-container --><\/p>","protected":false},"excerpt":{"rendered":"<ul class=\"ul-list\" data-mark=\"-\">\n<li class=\"md-list-item md-focus-container\">\n<p class=\"md-end-block md-p md-focus\"><span class=\"md-pair-s md-expand\"><strong><span class=\"md-plain\">Pliable et l\u00e9ger :<\/span><\/strong><\/span><span class=\"md-plain\"> Facile \u00e0 porter, \u00e0 stocker et \u00e0 transporter.<\/span><\/p>\n<\/li>\n<li class=\"md-list-item\">\n<p class=\"md-end-block md-p\"><span class=\"md-pair-s\"><strong><span class=\"md-plain\">Pouss\u00e9 \u00e0 la main Design :<\/span><\/strong><\/span><span class=\"md-plain\"> Simple \u00e0 utiliser et \u00e0 man\u0153uvrer pour les soignants.<\/span><\/p>\n<\/li>\n<li class=\"md-list-item\">\n<p class=\"md-end-block md-p\"><span class=\"md-pair-s\"><strong><span class=\"md-plain\">Mobilit\u00e9 portable \u00e0 petites roues :<\/span><\/strong><\/span><span class=\"md-plain\"> Id\u00e9al pour l'int\u00e9rieur et l'ext\u00e9rieur.<\/span><\/p>\n<\/li>\n<li class=\"md-list-item\">\n<p class=\"md-end-block md-p\"><span class=\"md-pair-s\"><strong><span class=\"md-plain\">Convient aux personnes \u00e2g\u00e9es, aux personnes handicap\u00e9es et aux enfants :<\/span><\/strong><\/span><span class=\"md-plain\"> Polyvalent pour diff\u00e9rents utilisateurs.<\/span><\/p>\n<\/li>\n<li class=\"md-list-item md-focus-container\">\n<p class=\"md-end-block md-p md-focus\"><span class=\"md-pair-s\"><strong><span class=\"md-plain\">Disponible en gros :<\/span><\/strong><\/span><span class=\"md-plain md-expand\"> Options d'achat en gros pour les institutions ou les revendeurs.<\/span><\/p>\n<\/li>\n<\/ul>\n<style id=\"wpforms-css-vars-508\">\n\t\t\t\t#wpforms-508 {<\/p>\n<p>\t\t\t}\n\t\t\t<\/style>\n<div class=\"wpforms-container wpforms-container-full wpforms-render-modern\" id=\"wpforms-508\">\n<form id=\"wpforms-form-508\" class=\"wpforms-validate wpforms-form wpforms-ajax-form\" data-formid=\"508\" method=\"post\" enctype=\"multipart\/form-data\" action=\"\/fr\/wp-json\/wp\/v2\/product\/453\" data-token=\"1476e74ddd2c88221375e92b649ba1af\" data-token-time=\"1778621716\" data-trp-original-action=\"\/fr\/wp-json\/wp\/v2\/product\/453\"><noscript class=\"wpforms-error-noscript\">Veuillez activer JavaScript dans votre navigateur pour remplir ce formulaire.<\/noscript><\/p>\n<div id=\"wpforms-error-noscript\" style=\"display: none;\">Veuillez activer JavaScript dans votre navigateur pour remplir ce formulaire.<\/div>\n<div class=\"wpforms-field-container\">\n<div id=\"wpforms-508-field_6-container\"\n\t\t\tclass=\"wpforms-field wpforms-field-text\"\n\t\t\tdata-field-type=\"text\"\n\t\t\tdata-field-id=\"6\"\n\t\t\t><br \/>\n\t\t\t<label class=\"wpforms-field-label\" for=\"wpforms-508-field_6\" >Nom de l'email Mise en page<\/label><br \/>\n\t\t\t<input type=\"text\" id=\"wpforms-508-field_6\" class=\"wpforms-field-medium\" name=\"wpforms[fields][6]\" >\n\t\t<\/div>\n<div id=\"wpforms-508-field_1-container\" class=\"wpforms-field wpforms-field-layout\" data-field-id=\"1\">\n<div class=\"wpforms-field-layout-rows wpforms-field-large\">\n<div class=\"wpforms-layout-row\">\n<div class=\"wpforms-layout-column wpforms-layout-column-50\">\n<div id=\"wpforms-508-field_2-container\" class=\"wpforms-field wpforms-field-name\" data-field-id=\"2\"><label class=\"wpforms-field-label\" for=\"wpforms-508-field_2\">Nom<\/label><input type=\"text\" id=\"wpforms-508-field_2\" class=\"wpforms-field-medium\" name=\"wpforms[fields][2]\" aria-errormessage=\"wpforms-508-field_2-error\" ><\/div>\n<\/div>\n<div class=\"wpforms-layout-column wpforms-layout-column-50\">\n<div id=\"wpforms-508-field_3-container\" class=\"wpforms-field wpforms-field-email\" data-field-id=\"3\"><label class=\"wpforms-field-label\" for=\"wpforms-508-field_3\">Courriel <span class=\"wpforms-required-label\" aria-hidden=\"true\">*<\/span><\/label><input type=\"email\" id=\"wpforms-508-field_3\" class=\"wpforms-field-medium wpforms-field-required\" name=\"wpforms[fields][3]\" spellcheck=\"false\" aria-errormessage=\"wpforms-508-field_3-error\" required><\/div>\n<\/div>\n<\/div>\n<div class=\"wpforms-layout-row\">\n<div class=\"wpforms-layout-column wpforms-layout-column-50\">\n<div id=\"wpforms-508-field_4-container\" class=\"wpforms-field wpforms-field-phone\" data-field-id=\"4\"><label class=\"wpforms-field-label\" for=\"wpforms-508-field_4\">T\u00e9l\u00e9phone<\/label><input type=\"tel\" id=\"wpforms-508-field_4\" class=\"wpforms-field-medium\" data-rule-int-phone-field=\"true\" name=\"wpforms[fields][4]\" aria-label=\"T\u00e9l\u00e9phone\" aria-errormessage=\"wpforms-508-field_4-error\" ><\/div>\n<\/div>\n<div class=\"wpforms-layout-column wpforms-layout-column-50\">\n<div id=\"wpforms-508-field_5-container\" class=\"wpforms-field wpforms-field-text\" data-field-id=\"5\"><label class=\"wpforms-field-label\" for=\"wpforms-508-field_5\">Demande de renseignements<\/label><input type=\"text\" id=\"wpforms-508-field_5\" class=\"wpforms-field-medium\" name=\"wpforms[fields][5]\" aria-errormessage=\"wpforms-508-field_5-error\" ><\/div>\n<\/div>\n<\/div>\n<\/div>\n<\/div>\n<p><script>\n\t\t\t\t( function() {\n\t\t\t\t\tconst style = document.createElement( 'style' );\n\t\t\t\t\tstyle.appendChild( document.createTextNode( '#wpforms-508-field_6-container { position: absolute !important; overflow: hidden !important; display: inline !important; height: 1px !important; width: 1px !important; z-index: -1000 !important; padding: 0 !important; } #wpforms-508-field_6-container input { visibility: hidden; } #wpforms-conversational-form-page #wpforms-508-field_6-container label { counter-increment: none; }' ) );\n\t\t\t\t\tdocument.head.appendChild( style );\n\t\t\t\t\tdocument.currentScript?.remove();\n\t\t\t\t} )();\n\t\t\t<\/script><\/div>\n<p><!-- .wpforms-field-container --><\/p>\n<div class=\"wpforms-submit-container\" ><input type=\"hidden\" name=\"wpforms[id]\" value=\"508\"><input type=\"hidden\" name=\"page_title\" value=\"\"><input type=\"hidden\" name=\"page_url\" value=\"https:\/\/keling-elderlycaredevices.com\/fr\/wp-json\/wp\/v2\/product\/453\"><input type=\"hidden\" name=\"url_referer\" value=\"\"><button type=\"submit\" name=\"wpforms[submit]\" id=\"wpforms-submit-508\" class=\"wpforms-submit\" data-alt-text=\"Sending...\" data-submit-text=\"Get Quotation\" aria-live=\"assertive\" value=\"wpforms-submit\">Obtenir un devis<\/button><img loading=\"lazy\" decoding=\"async\" src=\"https:\/\/keling-elderlycaredevices.com\/wp-content\/plugins\/wpforms\/assets\/images\/submit-spin.svg\" class=\"wpforms-submit-spinner\" style=\"display: none;\" width=\"26\" height=\"26\" alt=\"Chargement en cours\"><\/div>\n<input type=\"hidden\" name=\"trp-form-language\" value=\"fr\"\/><\/form>\n<\/div>\n<p>  <!-- .wpforms-container --><\/p>","protected":false},"featured_media":484,"template":"","meta":{"site-sidebar-layout":"default","site-content-layout":"","ast-site-content-layout":"default","site-content-style":"default","site-sidebar-style":"default","ast-global-header-display":"","ast-banner-title-visibility":"","ast-main-header-display":"","ast-hfb-above-header-display":"","ast-hfb-below-header-display":"","ast-hfb-mobile-header-display":"","site-post-title":"","ast-breadcrumbs-content":"","ast-featured-img":"","footer-sml-layout":"","ast-disable-related-posts":"","theme-transparent-header-meta":"default","adv-header-id-meta":"","stick-header-meta":"","header-above-stick-meta":"","header-main-stick-meta":"","header-below-stick-meta":"","astra-migrate-meta-layouts":"set","ast-page-background-enabled":"default","ast-page-background-meta":{"desktop":{"background-color":"var(--ast-global-color-5)","background-image":"","background-repeat":"repeat","background-position":"center center","background-size":"auto","background-attachment":"scroll","background-type":"","background-media":"","overlay-type":"","overlay-color":"","overlay-opacity":"","overlay-gradient":""},"tablet":{"background-color":"","background-image":"","background-repeat":"repeat","background-position":"center center","background-size":"auto","background-attachment":"scroll","background-type":"","background-media":"","overlay-type":"","overlay-color":"","overlay-opacity":"","overlay-gradient":""},"mobile":{"background-color":"","background-image":"","background-repeat":"repeat","background-position":"center center","background-size":"auto","background-attachment":"scroll","background-type":"","background-media":"","overlay-type":"","overlay-color":"","overlay-opacity":"","overlay-gradient":""}},"ast-content-background-meta":{"desktop":{"background-color":"var(--ast-global-color-4)","background-image":"","background-repeat":"repeat","background-position":"center center","background-size":"auto","background-attachment":"scroll","background-type":"","background-media":"","overlay-type":"","overlay-color":"","overlay-opacity":"","overlay-gradient":""},"tablet":{"background-color":"var(--ast-global-color-4)","background-image":"","background-repeat":"repeat","background-position":"center center","background-size":"auto","background-attachment":"scroll","background-type":"","background-media":"","overlay-type":"","overlay-color":"","overlay-opacity":"","overlay-gradient":""},"mobile":{"background-color":"var(--ast-global-color-4)","background-image":"","background-repeat":"repeat","background-position":"center center","background-size":"auto","background-attachment":"scroll","background-type":"","background-media":"","overlay-type":"","overlay-color":"","overlay-opacity":"","overlay-gradient":""}}},"product_brand":[],"product_cat":[21],"product_tag":[],"class_list":{"0":"post-453","1":"product","2":"type-product","3":"status-publish","4":"has-post-thumbnail","6":"product_cat-wheelchairs","7":"desktop-align-left","8":"tablet-align-left","9":"mobile-align-left","11":"first","12":"instock","13":"shipping-taxable","14":"product-type-simple"},"_links":{"self":[{"href":"https:\/\/keling-elderlycaredevices.com\/fr\/wp-json\/wp\/v2\/product\/453","targetHints":{"allow":["GET"]}}],"collection":[{"href":"https:\/\/keling-elderlycaredevices.com\/fr\/wp-json\/wp\/v2\/product"}],"about":[{"href":"https:\/\/keling-elderlycaredevices.com\/fr\/wp-json\/wp\/v2\/types\/product"}],"wp:featuredmedia":[{"embeddable":true,"href":"https:\/\/keling-elderlycaredevices.com\/fr\/wp-json\/wp\/v2\/media\/484"}],"wp:attachment":[{"href":"https:\/\/keling-elderlycaredevices.com\/fr\/wp-json\/wp\/v2\/media?parent=453"}],"wp:term":[{"taxonomy":"product_brand","embeddable":true,"href":"https:\/\/keling-elderlycaredevices.com\/fr\/wp-json\/wp\/v2\/product_brand?post=453"},{"taxonomy":"product_cat","embeddable":true,"href":"https:\/\/keling-elderlycaredevices.com\/fr\/wp-json\/wp\/v2\/product_cat?post=453"},{"taxonomy":"product_tag","embeddable":true,"href":"https:\/\/keling-elderlycaredevices.com\/fr\/wp-json\/wp\/v2\/product_tag?post=453"}],"curies":[{"name":"wp","href":"https:\/\/api.w.org\/{rel}","templated":true}]}}