{"id":401,"date":"2025-06-27T01:03:15","date_gmt":"2025-06-27T01:03:15","guid":{"rendered":"https:\/\/keling-elderlycaredevices.com\/?post_type=product&#038;p=401"},"modified":"2025-06-28T13:12:10","modified_gmt":"2025-06-28T13:12:10","slug":"erhohter-toilettensitz-mit-handlaufen-fur-altere-schwangere-behinderte","status":"publish","type":"product","link":"https:\/\/keling-elderlycaredevices.com\/de\/produkt\/erhohter-toilettensitz-mit-handlaufen-fur-altere-schwangere-behinderte\/","title":{"rendered":"Erh\u00f6hter Toilettensitz mit Handl\u00e4ufen f\u00fcr \u00e4ltere Menschen, Schwangere und Behinderte"},"content":{"rendered":"<p><img fetchpriority=\"high\" decoding=\"async\" class=\"aligncenter size-full wp-image-2198\" src=\"https:\/\/1688factorys.com\/wp-content\/uploads\/\u8be6\u60c5-1-35.png\" alt=\"\" width=\"790\" height=\"738\" \/> <img decoding=\"async\" class=\"aligncenter size-full wp-image-2199\" src=\"https:\/\/1688factorys.com\/wp-content\/uploads\/\u8be6\u60c5-2-36.png\" alt=\"\" width=\"790\" height=\"530\" \/> <img decoding=\"async\" class=\"aligncenter size-full wp-image-2200\" src=\"https:\/\/1688factorys.com\/wp-content\/uploads\/\u8be6\u60c5-3-36.png\" alt=\"\" width=\"790\" height=\"620\" \/> <img loading=\"lazy\" decoding=\"async\" class=\"aligncenter size-full wp-image-2201\" src=\"https:\/\/1688factorys.com\/wp-content\/uploads\/\u8be6\u60c5-4-36.png\" alt=\"\" width=\"790\" height=\"871\" \/> <img loading=\"lazy\" decoding=\"async\" class=\"aligncenter size-full wp-image-2202\" src=\"https:\/\/1688factorys.com\/wp-content\/uploads\/\u8be6\u60c5-5-36.png\" alt=\"\" width=\"790\" height=\"652\" \/> <img loading=\"lazy\" decoding=\"async\" class=\"aligncenter size-full wp-image-2203\" src=\"https:\/\/1688factorys.com\/wp-content\/uploads\/\u8be6\u60c5-6-36.png\" alt=\"\" width=\"790\" height=\"644\" \/> <img loading=\"lazy\" decoding=\"async\" class=\"aligncenter size-full wp-image-2204\" src=\"https:\/\/1688factorys.com\/wp-content\/uploads\/\u8be6\u60c5-7-36.png\" alt=\"\" width=\"790\" height=\"1086\" \/> <img loading=\"lazy\" decoding=\"async\" class=\"aligncenter size-full wp-image-2205\" src=\"https:\/\/1688factorys.com\/wp-content\/uploads\/\u8be6\u60c5-8-36.png\" alt=\"\" width=\"790\" height=\"221\" \/>Dieser erh\u00f6hte Toilettensitz mit Handl\u00e4ufen ist f\u00fcr \u00e4ltere, schwangere und behinderte Menschen geeignet. Das erh\u00f6hte Polster macht das Sitzen und Stehen einfacher und sicherer und bietet Komfort und zuverl\u00e4ssige Unterst\u00fctzung im Badezimmer.<br \/>\n<style id=\"wpforms-css-vars-508\">\n\t\t\t\t#wpforms-508 {\n\t\t\t\t\n\t\t\t}\n\t\t\t<\/style><div class=\"wpforms-container wpforms-container-full wpforms-render-modern\" id=\"wpforms-508\"><form id=\"wpforms-form-508\" class=\"wpforms-validate wpforms-form wpforms-ajax-form\" data-formid=\"508\" method=\"post\" enctype=\"multipart\/form-data\" action=\"\/de\/wp-json\/wp\/v2\/product\/401\" data-token=\"932dda08aac0c6ed9395b27e7785fc3b\" data-token-time=\"1778662979\" data-trp-original-action=\"\/de\/wp-json\/wp\/v2\/product\/401\"><noscript class=\"wpforms-error-noscript\">Bitte aktivieren Sie JavaScript in Ihrem Browser, um dieses Formular fertigzustellen.<\/noscript><div id=\"wpforms-error-noscript\" style=\"display: none;\">Bitte aktivieren Sie JavaScript in Ihrem Browser, um dieses Formular fertigzustellen.<\/div><div class=\"wpforms-field-container\">\t\t<div id=\"wpforms-508-field_6-container\"\n\t\t\tclass=\"wpforms-field wpforms-field-text\"\n\t\t\tdata-field-type=\"text\"\n\t\t\tdata-field-id=\"6\"\n\t\t\t>\n\t\t\t<label class=\"wpforms-field-label\" for=\"wpforms-508-field_6\" >Layout-Anfrage E-Mail<\/label>\n\t\t\t<input type=\"text\" id=\"wpforms-508-field_6\" class=\"wpforms-field-medium\" name=\"wpforms[fields][6]\" >\n\t\t<\/div>\n\t\t<div id=\"wpforms-508-field_1-container\" class=\"wpforms-field wpforms-field-layout\" data-field-id=\"1\"><div class=\"wpforms-field-layout-rows wpforms-field-large\"><div class=\"wpforms-layout-row\"><div class=\"wpforms-layout-column wpforms-layout-column-50\"><div id=\"wpforms-508-field_2-container\" class=\"wpforms-field wpforms-field-name\" data-field-id=\"2\"><label class=\"wpforms-field-label\" for=\"wpforms-508-field_2\">Name<\/label><input type=\"text\" id=\"wpforms-508-field_2\" class=\"wpforms-field-medium\" name=\"wpforms[fields][2]\" aria-errormessage=\"wpforms-508-field_2-error\" ><\/div><\/div><div class=\"wpforms-layout-column wpforms-layout-column-50\"><div id=\"wpforms-508-field_3-container\" class=\"wpforms-field wpforms-field-email\" data-field-id=\"3\"><label class=\"wpforms-field-label\" for=\"wpforms-508-field_3\">E-Mail <span class=\"wpforms-required-label\" aria-hidden=\"true\">*<\/span><\/label><input type=\"email\" id=\"wpforms-508-field_3\" class=\"wpforms-field-medium wpforms-field-required\" name=\"wpforms[fields][3]\" spellcheck=\"false\" aria-errormessage=\"wpforms-508-field_3-error\" required><\/div><\/div><\/div><div class=\"wpforms-layout-row\"><div class=\"wpforms-layout-column wpforms-layout-column-50\"><div id=\"wpforms-508-field_4-container\" class=\"wpforms-field wpforms-field-phone\" data-field-id=\"4\"><label class=\"wpforms-field-label\" for=\"wpforms-508-field_4\">Telefon<\/label><input type=\"tel\" id=\"wpforms-508-field_4\" class=\"wpforms-field-medium\" data-rule-int-phone-field=\"true\" name=\"wpforms[fields][4]\" aria-label=\"Telefon\" aria-errormessage=\"wpforms-508-field_4-error\" ><\/div><\/div><div class=\"wpforms-layout-column wpforms-layout-column-50\"><div id=\"wpforms-508-field_5-container\" class=\"wpforms-field wpforms-field-text\" data-field-id=\"5\"><label class=\"wpforms-field-label\" for=\"wpforms-508-field_5\">Anfrage<\/label><input type=\"text\" id=\"wpforms-508-field_5\" class=\"wpforms-field-medium\" name=\"wpforms[fields][5]\" aria-errormessage=\"wpforms-508-field_5-error\" ><\/div><\/div><\/div><\/div><\/div><script>\n\t\t\t\t( function() {\n\t\t\t\t\tconst style = document.createElement( 'style' );\n\t\t\t\t\tstyle.appendChild( document.createTextNode( '#wpforms-508-field_6-container { position: absolute !important; overflow: hidden !important; display: inline !important; height: 1px !important; width: 1px !important; z-index: -1000 !important; padding: 0 !important; } #wpforms-508-field_6-container input { visibility: hidden; } #wpforms-conversational-form-page #wpforms-508-field_6-container label { counter-increment: none; }' ) );\n\t\t\t\t\tdocument.head.appendChild( style );\n\t\t\t\t\tdocument.currentScript?.remove();\n\t\t\t\t} )();\n\t\t\t<\/script><\/div><!-- .wpforms-field-container --><div class=\"wpforms-submit-container\" ><input type=\"hidden\" name=\"wpforms[id]\" value=\"508\"><input type=\"hidden\" name=\"page_title\" value=\"\"><input type=\"hidden\" name=\"page_url\" value=\"https:\/\/keling-elderlycaredevices.com\/de\/wp-json\/wp\/v2\/product\/401\"><input type=\"hidden\" name=\"url_referer\" value=\"\"><button type=\"submit\" name=\"wpforms[submit]\" id=\"wpforms-submit-508\" class=\"wpforms-submit\" data-alt-text=\"Sending...\" data-submit-text=\"Get Quotation\" aria-live=\"assertive\" value=\"wpforms-submit\">Angebot einholen<\/button><img loading=\"lazy\" decoding=\"async\" src=\"https:\/\/keling-elderlycaredevices.com\/wp-content\/plugins\/wpforms\/assets\/images\/submit-spin.svg\" class=\"wpforms-submit-spinner\" style=\"display: none;\" width=\"26\" height=\"26\" alt=\"Wird geladen\"><\/div><input type=\"hidden\" name=\"trp-form-language\" value=\"de\"\/><\/form><\/div>  <!-- .wpforms-container --><\/p>","protected":false},"excerpt":{"rendered":"<ul class=\"ul-list\" data-mark=\"-\">\n<li class=\"md-list-item md-focus-container\">\n<p class=\"md-end-block md-p md-focus\"><span class=\"md-pair-s md-expand\"><strong><span class=\"md-plain\">Erh\u00f6hter Toilettensitz:<\/span><\/strong><\/span><span class=\"md-plain\"> Erh\u00f6ht die Toilettenh\u00f6he f\u00fcr leichteres Sitzen und Stehen.<\/span><\/p>\n<\/li>\n<li class=\"md-list-item\">\n<p class=\"md-end-block md-p\"><span class=\"md-pair-s\"><strong><span class=\"md-plain\">Handl\u00e4ufe zur Unterst\u00fctzung:<\/span><\/strong><\/span><span class=\"md-plain\"> Bietet zus\u00e4tzliche Stabilit\u00e4t f\u00fcr \u00e4ltere, schwangere und behinderte Benutzer.<\/span><\/p>\n<\/li>\n<li class=\"md-list-item\">\n<p class=\"md-end-block md-p\"><span class=\"md-pair-s\"><strong><span class=\"md-plain\">Erh\u00f6hte Auflage:<\/span><\/strong><\/span><span class=\"md-plain\"> Bietet zus\u00e4tzlichen Komfort und reduziert die Belastung von Knien und Gelenken.<\/span><\/p>\n<\/li>\n<li class=\"md-list-item\">\n<p class=\"md-end-block md-p\"><span class=\"md-pair-s\"><strong><span class=\"md-plain\">Einfache Installation:<\/span><\/strong><\/span><span class=\"md-plain\"> Einfach auf den meisten Standardtoiletten zu installieren.<\/span><\/p>\n<\/li>\n<li class=\"md-list-item md-focus-container\">\n<p class=\"md-end-block md-p md-focus\"><span class=\"md-pair-s\"><strong><span class=\"md-plain\">Sicher und langlebig:<\/span><\/strong><\/span><span class=\"md-plain md-expand\"> Die robuste Konstruktion gew\u00e4hrleistet eine lange und zuverl\u00e4ssige Nutzung.<\/span><\/p>\n<\/li>\n<\/ul>\n<style id=\"wpforms-css-vars-508\">\n\t\t\t\t#wpforms-508 {<\/p>\n<p>\t\t\t}\n\t\t\t<\/style>\n<div class=\"wpforms-container wpforms-container-full wpforms-render-modern\" id=\"wpforms-508\">\n<form id=\"wpforms-form-508\" class=\"wpforms-validate wpforms-form wpforms-ajax-form\" data-formid=\"508\" method=\"post\" enctype=\"multipart\/form-data\" action=\"\/de\/wp-json\/wp\/v2\/product\/401\" data-token=\"932dda08aac0c6ed9395b27e7785fc3b\" data-token-time=\"1778662979\" data-trp-original-action=\"\/de\/wp-json\/wp\/v2\/product\/401\"><noscript class=\"wpforms-error-noscript\">Bitte aktivieren Sie JavaScript in Ihrem Browser, um dieses Formular fertigzustellen.<\/noscript><\/p>\n<div id=\"wpforms-error-noscript\" style=\"display: none;\">Bitte aktivieren Sie JavaScript in Ihrem Browser, um dieses Formular fertigzustellen.<\/div>\n<div class=\"wpforms-field-container\">\n<div id=\"wpforms-508-field_6-container\"\n\t\t\tclass=\"wpforms-field wpforms-field-text\"\n\t\t\tdata-field-type=\"text\"\n\t\t\tdata-field-id=\"6\"\n\t\t\t><br \/>\n\t\t\t<label class=\"wpforms-field-label\" for=\"wpforms-508-field_6\" >Name Telefon Anfrage<\/label><br \/>\n\t\t\t<input type=\"text\" id=\"wpforms-508-field_6\" class=\"wpforms-field-medium\" name=\"wpforms[fields][6]\" >\n\t\t<\/div>\n<div id=\"wpforms-508-field_1-container\" class=\"wpforms-field wpforms-field-layout\" data-field-id=\"1\">\n<div class=\"wpforms-field-layout-rows wpforms-field-large\">\n<div class=\"wpforms-layout-row\">\n<div class=\"wpforms-layout-column wpforms-layout-column-50\">\n<div id=\"wpforms-508-field_2-container\" class=\"wpforms-field wpforms-field-name\" data-field-id=\"2\"><label class=\"wpforms-field-label\" for=\"wpforms-508-field_2\">Name<\/label><input type=\"text\" id=\"wpforms-508-field_2\" class=\"wpforms-field-medium\" name=\"wpforms[fields][2]\" aria-errormessage=\"wpforms-508-field_2-error\" ><\/div>\n<\/div>\n<div class=\"wpforms-layout-column wpforms-layout-column-50\">\n<div id=\"wpforms-508-field_3-container\" class=\"wpforms-field wpforms-field-email\" data-field-id=\"3\"><label class=\"wpforms-field-label\" for=\"wpforms-508-field_3\">E-Mail <span class=\"wpforms-required-label\" aria-hidden=\"true\">*<\/span><\/label><input type=\"email\" id=\"wpforms-508-field_3\" class=\"wpforms-field-medium wpforms-field-required\" name=\"wpforms[fields][3]\" spellcheck=\"false\" aria-errormessage=\"wpforms-508-field_3-error\" required><\/div>\n<\/div>\n<\/div>\n<div class=\"wpforms-layout-row\">\n<div class=\"wpforms-layout-column wpforms-layout-column-50\">\n<div id=\"wpforms-508-field_4-container\" class=\"wpforms-field wpforms-field-phone\" data-field-id=\"4\"><label class=\"wpforms-field-label\" for=\"wpforms-508-field_4\">Telefon<\/label><input type=\"tel\" id=\"wpforms-508-field_4\" class=\"wpforms-field-medium\" data-rule-int-phone-field=\"true\" name=\"wpforms[fields][4]\" aria-label=\"Telefon\" aria-errormessage=\"wpforms-508-field_4-error\" ><\/div>\n<\/div>\n<div class=\"wpforms-layout-column wpforms-layout-column-50\">\n<div id=\"wpforms-508-field_5-container\" class=\"wpforms-field wpforms-field-text\" data-field-id=\"5\"><label class=\"wpforms-field-label\" for=\"wpforms-508-field_5\">Anfrage<\/label><input type=\"text\" id=\"wpforms-508-field_5\" class=\"wpforms-field-medium\" name=\"wpforms[fields][5]\" aria-errormessage=\"wpforms-508-field_5-error\" ><\/div>\n<\/div>\n<\/div>\n<\/div>\n<\/div>\n<p><script>\n\t\t\t\t( function() {\n\t\t\t\t\tconst style = document.createElement( 'style' );\n\t\t\t\t\tstyle.appendChild( document.createTextNode( '#wpforms-508-field_6-container { position: absolute !important; overflow: hidden !important; display: inline !important; height: 1px !important; width: 1px !important; z-index: -1000 !important; padding: 0 !important; } #wpforms-508-field_6-container input { visibility: hidden; } #wpforms-conversational-form-page #wpforms-508-field_6-container label { counter-increment: none; }' ) );\n\t\t\t\t\tdocument.head.appendChild( style );\n\t\t\t\t\tdocument.currentScript?.remove();\n\t\t\t\t} )();\n\t\t\t<\/script><\/div>\n<p><!-- .wpforms-field-container --><\/p>\n<div class=\"wpforms-submit-container\" ><input type=\"hidden\" name=\"wpforms[id]\" value=\"508\"><input type=\"hidden\" name=\"page_title\" value=\"\"><input type=\"hidden\" name=\"page_url\" value=\"https:\/\/keling-elderlycaredevices.com\/de\/wp-json\/wp\/v2\/product\/401\"><input type=\"hidden\" name=\"url_referer\" value=\"\"><button type=\"submit\" name=\"wpforms[submit]\" id=\"wpforms-submit-508\" class=\"wpforms-submit\" data-alt-text=\"Sending...\" data-submit-text=\"Get Quotation\" aria-live=\"assertive\" value=\"wpforms-submit\">Angebot einholen<\/button><img loading=\"lazy\" decoding=\"async\" src=\"https:\/\/keling-elderlycaredevices.com\/wp-content\/plugins\/wpforms\/assets\/images\/submit-spin.svg\" class=\"wpforms-submit-spinner\" style=\"display: none;\" width=\"26\" height=\"26\" alt=\"Wird geladen\"><\/div>\n<input type=\"hidden\" name=\"trp-form-language\" value=\"de\"\/><\/form>\n<\/div>\n<p>  <!-- .wpforms-container --><\/p>","protected":false},"featured_media":435,"template":"","meta":{"site-sidebar-layout":"default","site-content-layout":"","ast-site-content-layout":"default","site-content-style":"default","site-sidebar-style":"default","ast-global-header-display":"","ast-banner-title-visibility":"","ast-main-header-display":"","ast-hfb-above-header-display":"","ast-hfb-below-header-display":"","ast-hfb-mobile-header-display":"","site-post-title":"","ast-breadcrumbs-content":"","ast-featured-img":"","footer-sml-layout":"","ast-disable-related-posts":"","theme-transparent-header-meta":"default","adv-header-id-meta":"","stick-header-meta":"","header-above-stick-meta":"","header-main-stick-meta":"","header-below-stick-meta":"","astra-migrate-meta-layouts":"set","ast-page-background-enabled":"default","ast-page-background-meta":{"desktop":{"background-color":"var(--ast-global-color-5)","background-image":"","background-repeat":"repeat","background-position":"center center","background-size":"auto","background-attachment":"scroll","background-type":"","background-media":"","overlay-type":"","overlay-color":"","overlay-opacity":"","overlay-gradient":""},"tablet":{"background-color":"","background-image":"","background-repeat":"repeat","background-position":"center center","background-size":"auto","background-attachment":"scroll","background-type":"","background-media":"","overlay-type":"","overlay-color":"","overlay-opacity":"","overlay-gradient":""},"mobile":{"background-color":"","background-image":"","background-repeat":"repeat","background-position":"center center","background-size":"auto","background-attachment":"scroll","background-type":"","background-media":"","overlay-type":"","overlay-color":"","overlay-opacity":"","overlay-gradient":""}},"ast-content-background-meta":{"desktop":{"background-color":"var(--ast-global-color-4)","background-image":"","background-repeat":"repeat","background-position":"center center","background-size":"auto","background-attachment":"scroll","background-type":"","background-media":"","overlay-type":"","overlay-color":"","overlay-opacity":"","overlay-gradient":""},"tablet":{"background-color":"var(--ast-global-color-4)","background-image":"","background-repeat":"repeat","background-position":"center center","background-size":"auto","background-attachment":"scroll","background-type":"","background-media":"","overlay-type":"","overlay-color":"","overlay-opacity":"","overlay-gradient":""},"mobile":{"background-color":"var(--ast-global-color-4)","background-image":"","background-repeat":"repeat","background-position":"center center","background-size":"auto","background-attachment":"scroll","background-type":"","background-media":"","overlay-type":"","overlay-color":"","overlay-opacity":"","overlay-gradient":""}}},"product_brand":[],"product_cat":[22],"product_tag":[],"class_list":{"0":"post-401","1":"product","2":"type-product","3":"status-publish","4":"has-post-thumbnail","6":"product_cat-toilet","7":"desktop-align-left","8":"tablet-align-left","9":"mobile-align-left","11":"first","12":"instock","13":"shipping-taxable","14":"product-type-simple"},"_links":{"self":[{"href":"https:\/\/keling-elderlycaredevices.com\/de\/wp-json\/wp\/v2\/product\/401","targetHints":{"allow":["GET"]}}],"collection":[{"href":"https:\/\/keling-elderlycaredevices.com\/de\/wp-json\/wp\/v2\/product"}],"about":[{"href":"https:\/\/keling-elderlycaredevices.com\/de\/wp-json\/wp\/v2\/types\/product"}],"wp:featuredmedia":[{"embeddable":true,"href":"https:\/\/keling-elderlycaredevices.com\/de\/wp-json\/wp\/v2\/media\/435"}],"wp:attachment":[{"href":"https:\/\/keling-elderlycaredevices.com\/de\/wp-json\/wp\/v2\/media?parent=401"}],"wp:term":[{"taxonomy":"product_brand","embeddable":true,"href":"https:\/\/keling-elderlycaredevices.com\/de\/wp-json\/wp\/v2\/product_brand?post=401"},{"taxonomy":"product_cat","embeddable":true,"href":"https:\/\/keling-elderlycaredevices.com\/de\/wp-json\/wp\/v2\/product_cat?post=401"},{"taxonomy":"product_tag","embeddable":true,"href":"https:\/\/keling-elderlycaredevices.com\/de\/wp-json\/wp\/v2\/product_tag?post=401"}],"curies":[{"name":"wp","href":"https:\/\/api.w.org\/{rel}","templated":true}]}}